{"id":12969,"date":"2026-04-01T15:54:19","date_gmt":"2026-04-01T15:54:19","guid":{"rendered":"https:\/\/sanbenitosanteria.com\/?post_type=product&#038;p=12969"},"modified":"2026-04-01T16:14:02","modified_gmt":"2026-04-01T16:14:02","slug":"rosario-grueso-cuerda-de-paracaidas","status":"publish","type":"product","link":"https:\/\/sanbenitosanteria.com\/index.php\/product\/rosario-grueso-cuerda-de-paracaidas\/","title":{"rendered":"Rosario Grueso Cuerda de Paracaidas"},"content":{"rendered":"","protected":false},"excerpt":{"rendered":"<p>Rosario Grueso Paracord y Acero Quir\u00fargico<\/p>\n<p>Elaborado con cuerda paracord (paraca\u00eddas), reconocida por su gran resistencia: soporta el agua, el uso diario intenso y no se rompe f\u00e1cilmente. Cruz y cuentas en acero quir\u00fargico, con excelente terminaci\u00f3n y detalles bien definidos.<\/p>\n<p>Presentando en distintos colores y Cruz del Buen Pastor o con la Medalla de San Benito.<\/p>\n","protected":false},"featured_media":12971,"template":"","meta":{"_joinchat":[]},"product_brand":[],"product_cat":[119,130],"product_tag":[],"class_list":{"0":"post-12969","1":"product","2":"type-product","3":"status-publish","4":"has-post-thumbnail","6":"product_cat-articulos-de-santeria","7":"product_cat-rosarios","9":"first","10":"instock","11":"shipping-taxable","12":"purchasable","13":"product-type-variable"},"_links":{"self":[{"href":"https:\/\/sanbenitosanteria.com\/index.php\/wp-json\/wp\/v2\/product\/12969","targetHints":{"allow":["GET"]}}],"collection":[{"href":"https:\/\/sanbenitosanteria.com\/index.php\/wp-json\/wp\/v2\/product"}],"about":[{"href":"https:\/\/sanbenitosanteria.com\/index.php\/wp-json\/wp\/v2\/types\/product"}],"version-history":[{"count":2,"href":"https:\/\/sanbenitosanteria.com\/index.php\/wp-json\/wp\/v2\/product\/12969\/revisions"}],"predecessor-version":[{"id":12980,"href":"https:\/\/sanbenitosanteria.com\/index.php\/wp-json\/wp\/v2\/product\/12969\/revisions\/12980"}],"wp:featuredmedia":[{"embeddable":true,"href":"https:\/\/sanbenitosanteria.com\/index.php\/wp-json\/wp\/v2\/media\/12971"}],"wp:attachment":[{"href":"https:\/\/sanbenitosanteria.com\/index.php\/wp-json\/wp\/v2\/media?parent=12969"}],"wp:term":[{"taxonomy":"product_brand","embeddable":true,"href":"https:\/\/sanbenitosanteria.com\/index.php\/wp-json\/wp\/v2\/product_brand?post=12969"},{"taxonomy":"product_cat","embeddable":true,"href":"https:\/\/sanbenitosanteria.com\/index.php\/wp-json\/wp\/v2\/product_cat?post=12969"},{"taxonomy":"product_tag","embeddable":true,"href":"https:\/\/sanbenitosanteria.com\/index.php\/wp-json\/wp\/v2\/product_tag?post=12969"}],"curies":[{"name":"wp","href":"https:\/\/api.w.org\/{rel}","templated":true}]}}