{"id":13087,"date":"2026-04-03T16:38:09","date_gmt":"2026-04-03T16:38:09","guid":{"rendered":"https:\/\/sanbenitosanteria.com\/?post_type=product&#038;p=13087"},"modified":"2026-04-03T20:20:35","modified_gmt":"2026-04-03T20:20:35","slug":"conjunto-san-benito-diseno-gota","status":"publish","type":"product","link":"https:\/\/sanbenitosanteria.com\/index.php\/product\/conjunto-san-benito-diseno-gota\/","title":{"rendered":"Conjunto San Benito Dise\u00f1o Gota"},"content":{"rendered":"","protected":false},"excerpt":{"rendered":"<p>Conjunto Rolo y San Benito Dise\u00f1o en Gota<\/p>\n<p data-start=\"0\" data-end=\"185\">Conjunto de cadena rolo gruesa de 50 cm de largo, acompa\u00f1ada de una medalla de San Benito con un dise\u00f1o distintivo en relieve tipo \u201cgota\u201d en tono negro, que realza cada detalle.<\/p>\n<p data-start=\"187\" data-end=\"458\">Fabricado \u00edntegramente en acero quir\u00fargico, ofrece excelente resistencia al uso diario, no se oxida y mantiene su brillo con el paso del tiempo. La combinaci\u00f3n de la cadena robusta con la medalla trabajada logra un estilo moderno, una pieza firme, duradera y con mucha presencia.<\/p>\n<ul>\n<li data-start=\"187\" data-end=\"458\">Largo cadena: 50cm<\/li>\n<li data-start=\"187\" data-end=\"458\">di\u00e1metro medalla: 2.5cm<\/li>\n<\/ul>\n","protected":false},"featured_media":13088,"template":"","meta":{"_joinchat":[]},"product_brand":[],"product_cat":[119,288,292],"product_tag":[],"class_list":{"0":"post-13087","1":"product","2":"type-product","3":"status-publish","4":"has-post-thumbnail","6":"product_cat-articulos-de-santeria","7":"product_cat-collares","8":"product_cat-conjuntos","10":"first","11":"instock","12":"shipping-taxable","13":"purchasable","14":"product-type-simple"},"_links":{"self":[{"href":"https:\/\/sanbenitosanteria.com\/index.php\/wp-json\/wp\/v2\/product\/13087","targetHints":{"allow":["GET"]}}],"collection":[{"href":"https:\/\/sanbenitosanteria.com\/index.php\/wp-json\/wp\/v2\/product"}],"about":[{"href":"https:\/\/sanbenitosanteria.com\/index.php\/wp-json\/wp\/v2\/types\/product"}],"version-history":[{"count":1,"href":"https:\/\/sanbenitosanteria.com\/index.php\/wp-json\/wp\/v2\/product\/13087\/revisions"}],"predecessor-version":[{"id":13090,"href":"https:\/\/sanbenitosanteria.com\/index.php\/wp-json\/wp\/v2\/product\/13087\/revisions\/13090"}],"wp:featuredmedia":[{"embeddable":true,"href":"https:\/\/sanbenitosanteria.com\/index.php\/wp-json\/wp\/v2\/media\/13088"}],"wp:attachment":[{"href":"https:\/\/sanbenitosanteria.com\/index.php\/wp-json\/wp\/v2\/media?parent=13087"}],"wp:term":[{"taxonomy":"product_brand","embeddable":true,"href":"https:\/\/sanbenitosanteria.com\/index.php\/wp-json\/wp\/v2\/product_brand?post=13087"},{"taxonomy":"product_cat","embeddable":true,"href":"https:\/\/sanbenitosanteria.com\/index.php\/wp-json\/wp\/v2\/product_cat?post=13087"},{"taxonomy":"product_tag","embeddable":true,"href":"https:\/\/sanbenitosanteria.com\/index.php\/wp-json\/wp\/v2\/product_tag?post=13087"}],"curies":[{"name":"wp","href":"https:\/\/api.w.org\/{rel}","templated":true}]}}