{"id":13091,"date":"2026-04-03T17:06:05","date_gmt":"2026-04-03T17:06:05","guid":{"rendered":"https:\/\/sanbenitosanteria.com\/?post_type=product&#038;p=13091"},"modified":"2026-04-03T19:35:08","modified_gmt":"2026-04-03T19:35:08","slug":"conjunto-acero-blanco-san-benito","status":"publish","type":"product","link":"https:\/\/sanbenitosanteria.com\/index.php\/product\/conjunto-acero-blanco-san-benito\/","title":{"rendered":"Conjunto Acero Blanco San Benito"},"content":{"rendered":"","protected":false},"excerpt":{"rendered":"<p>Conjunto Acero Blanco San Benito<\/p>\n<p data-start=\"0\" data-end=\"185\">Conjunto de cadena rolo fina, acompa\u00f1ada de una medalla de San Benito con un relieve cl\u00e1sico que realza cada detalle. En el frente se aprecia la cl\u00e1sica cruz con inscripciones, mientras que en el reverso cuenta con la imagen de San Benito de perfil.<\/p>\n<p data-start=\"187\" data-end=\"458\">Fabricado \u00edntegramente en acero quir\u00fargico con un ba\u00f1o en blanco, ofrece excelente resistencia al uso diario.<\/p>\n<ul>\n<li data-start=\"187\" data-end=\"458\">Di\u00e1metro 1.7 y cadena 50cm de largo.<\/li>\n<li data-start=\"187\" data-end=\"458\">Di\u00e1metro 1.2 y cadena 45cm de largo.<\/li>\n<\/ul>\n","protected":false},"featured_media":13092,"template":"","meta":{"_joinchat":[]},"product_brand":[],"product_cat":[119,288,292],"product_tag":[],"class_list":{"0":"post-13091","1":"product","2":"type-product","3":"status-publish","4":"has-post-thumbnail","6":"product_cat-articulos-de-santeria","7":"product_cat-collares","8":"product_cat-conjuntos","10":"first","11":"instock","12":"shipping-taxable","13":"purchasable","14":"product-type-variable"},"_links":{"self":[{"href":"https:\/\/sanbenitosanteria.com\/index.php\/wp-json\/wp\/v2\/product\/13091","targetHints":{"allow":["GET"]}}],"collection":[{"href":"https:\/\/sanbenitosanteria.com\/index.php\/wp-json\/wp\/v2\/product"}],"about":[{"href":"https:\/\/sanbenitosanteria.com\/index.php\/wp-json\/wp\/v2\/types\/product"}],"version-history":[{"count":1,"href":"https:\/\/sanbenitosanteria.com\/index.php\/wp-json\/wp\/v2\/product\/13091\/revisions"}],"predecessor-version":[{"id":13100,"href":"https:\/\/sanbenitosanteria.com\/index.php\/wp-json\/wp\/v2\/product\/13091\/revisions\/13100"}],"wp:featuredmedia":[{"embeddable":true,"href":"https:\/\/sanbenitosanteria.com\/index.php\/wp-json\/wp\/v2\/media\/13092"}],"wp:attachment":[{"href":"https:\/\/sanbenitosanteria.com\/index.php\/wp-json\/wp\/v2\/media?parent=13091"}],"wp:term":[{"taxonomy":"product_brand","embeddable":true,"href":"https:\/\/sanbenitosanteria.com\/index.php\/wp-json\/wp\/v2\/product_brand?post=13091"},{"taxonomy":"product_cat","embeddable":true,"href":"https:\/\/sanbenitosanteria.com\/index.php\/wp-json\/wp\/v2\/product_cat?post=13091"},{"taxonomy":"product_tag","embeddable":true,"href":"https:\/\/sanbenitosanteria.com\/index.php\/wp-json\/wp\/v2\/product_tag?post=13091"}],"curies":[{"name":"wp","href":"https:\/\/api.w.org\/{rel}","templated":true}]}}