{"id":13117,"date":"2026-04-03T20:32:56","date_gmt":"2026-04-03T20:32:56","guid":{"rendered":"https:\/\/sanbenitosanteria.com\/?post_type=product&#038;p=13117"},"modified":"2026-04-03T20:32:57","modified_gmt":"2026-04-03T20:32:57","slug":"conjunto-acero-blanco-espiritu-santo","status":"publish","type":"product","link":"https:\/\/sanbenitosanteria.com\/index.php\/product\/conjunto-acero-blanco-espiritu-santo\/","title":{"rendered":"Conjunto Acero Blanco Esp\u00edritu Santo"},"content":{"rendered":"","protected":false},"excerpt":{"rendered":"<p>Conjunto Acero Blanco Esp\u00edritu Santo<\/p>\n<p data-start=\"0\" data-end=\"185\">Conjunto de cadena rolo inflada, acompa\u00f1ada de una cruz con el Esp\u00edritu Santo. Fabricado \u00edntegramente en acero quir\u00fargico con un ba\u00f1o en blanco, ofrece excelente resistencia al uso diario.<\/p>\n","protected":false},"featured_media":13118,"template":"","meta":{"_joinchat":[]},"product_brand":[],"product_cat":[119,288,292],"product_tag":[],"class_list":{"0":"post-13117","1":"product","2":"type-product","3":"status-publish","4":"has-post-thumbnail","6":"product_cat-articulos-de-santeria","7":"product_cat-collares","8":"product_cat-conjuntos","10":"first","11":"instock","12":"shipping-taxable","13":"purchasable","14":"product-type-simple"},"_links":{"self":[{"href":"https:\/\/sanbenitosanteria.com\/index.php\/wp-json\/wp\/v2\/product\/13117","targetHints":{"allow":["GET"]}}],"collection":[{"href":"https:\/\/sanbenitosanteria.com\/index.php\/wp-json\/wp\/v2\/product"}],"about":[{"href":"https:\/\/sanbenitosanteria.com\/index.php\/wp-json\/wp\/v2\/types\/product"}],"version-history":[{"count":1,"href":"https:\/\/sanbenitosanteria.com\/index.php\/wp-json\/wp\/v2\/product\/13117\/revisions"}],"predecessor-version":[{"id":13120,"href":"https:\/\/sanbenitosanteria.com\/index.php\/wp-json\/wp\/v2\/product\/13117\/revisions\/13120"}],"wp:featuredmedia":[{"embeddable":true,"href":"https:\/\/sanbenitosanteria.com\/index.php\/wp-json\/wp\/v2\/media\/13118"}],"wp:attachment":[{"href":"https:\/\/sanbenitosanteria.com\/index.php\/wp-json\/wp\/v2\/media?parent=13117"}],"wp:term":[{"taxonomy":"product_brand","embeddable":true,"href":"https:\/\/sanbenitosanteria.com\/index.php\/wp-json\/wp\/v2\/product_brand?post=13117"},{"taxonomy":"product_cat","embeddable":true,"href":"https:\/\/sanbenitosanteria.com\/index.php\/wp-json\/wp\/v2\/product_cat?post=13117"},{"taxonomy":"product_tag","embeddable":true,"href":"https:\/\/sanbenitosanteria.com\/index.php\/wp-json\/wp\/v2\/product_tag?post=13117"}],"curies":[{"name":"wp","href":"https:\/\/api.w.org\/{rel}","templated":true}]}}