{"id":13132,"date":"2026-04-03T21:26:25","date_gmt":"2026-04-03T21:26:25","guid":{"rendered":"https:\/\/sanbenitosanteria.com\/?post_type=product&#038;p=13132"},"modified":"2026-04-04T20:55:23","modified_gmt":"2026-04-04T20:55:23","slug":"rosario-perfumado-san-benito","status":"publish","type":"product","link":"https:\/\/sanbenitosanteria.com\/index.php\/product\/rosario-perfumado-san-benito\/","title":{"rendered":"Rosario Perfumado San Benito"},"content":{"rendered":"","protected":false},"excerpt":{"rendered":"<p data-start=\"0\" data-end=\"200\">Rosario perfumado con aroma a rosas. Sus cuentas, de tono c\u00e1lido, desprenden una suave fragancia que acompa\u00f1a cada momento de oraci\u00f3n.<\/p>\n<p data-start=\"202\" data-end=\"422\" data-is-last-node=\"\" data-is-only-node=\"\">Incluye la imagen de San Benito en el centro y un delicado crucifijo. Ideal para uso personal o como un regalo significativo lleno de fe.<\/p>\n","protected":false},"featured_media":13133,"template":"","meta":{"_joinchat":[]},"product_brand":[],"product_cat":[119,130],"product_tag":[],"class_list":{"0":"post-13132","1":"product","2":"type-product","3":"status-publish","4":"has-post-thumbnail","6":"product_cat-articulos-de-santeria","7":"product_cat-rosarios","9":"first","10":"instock","11":"shipping-taxable","12":"purchasable","13":"product-type-simple"},"_links":{"self":[{"href":"https:\/\/sanbenitosanteria.com\/index.php\/wp-json\/wp\/v2\/product\/13132","targetHints":{"allow":["GET"]}}],"collection":[{"href":"https:\/\/sanbenitosanteria.com\/index.php\/wp-json\/wp\/v2\/product"}],"about":[{"href":"https:\/\/sanbenitosanteria.com\/index.php\/wp-json\/wp\/v2\/types\/product"}],"version-history":[{"count":2,"href":"https:\/\/sanbenitosanteria.com\/index.php\/wp-json\/wp\/v2\/product\/13132\/revisions"}],"predecessor-version":[{"id":13239,"href":"https:\/\/sanbenitosanteria.com\/index.php\/wp-json\/wp\/v2\/product\/13132\/revisions\/13239"}],"wp:featuredmedia":[{"embeddable":true,"href":"https:\/\/sanbenitosanteria.com\/index.php\/wp-json\/wp\/v2\/media\/13133"}],"wp:attachment":[{"href":"https:\/\/sanbenitosanteria.com\/index.php\/wp-json\/wp\/v2\/media?parent=13132"}],"wp:term":[{"taxonomy":"product_brand","embeddable":true,"href":"https:\/\/sanbenitosanteria.com\/index.php\/wp-json\/wp\/v2\/product_brand?post=13132"},{"taxonomy":"product_cat","embeddable":true,"href":"https:\/\/sanbenitosanteria.com\/index.php\/wp-json\/wp\/v2\/product_cat?post=13132"},{"taxonomy":"product_tag","embeddable":true,"href":"https:\/\/sanbenitosanteria.com\/index.php\/wp-json\/wp\/v2\/product_tag?post=13132"}],"curies":[{"name":"wp","href":"https:\/\/api.w.org\/{rel}","templated":true}]}}