{"id":13135,"date":"2026-04-03T21:32:36","date_gmt":"2026-04-03T21:32:36","guid":{"rendered":"https:\/\/sanbenitosanteria.com\/?post_type=product&#038;p=13135"},"modified":"2026-04-04T20:56:03","modified_gmt":"2026-04-04T20:56:03","slug":"medallon-metal-grande-san-benito","status":"publish","type":"product","link":"https:\/\/sanbenitosanteria.com\/index.php\/product\/medallon-metal-grande-san-benito\/","title":{"rendered":"Medall\u00f3n Metal Grande San Benito"},"content":{"rendered":"","protected":false},"excerpt":{"rendered":"<p>Medall\u00f3n de San Benito Metal Ba\u00f1ado en Plata<\/p>\n<p>Medall\u00f3n religioso de San Benito, s\u00edmbolo tradicional de protecci\u00f3n y fe cristiana.<\/p>\n<p>Est\u00e1 confeccionado en metal ba\u00f1ado en plata, con delicados detalles y un relieve bien pronunciado que realzan su dise\u00f1o cl\u00e1sico.<\/p>\n<p data-start=\"273\" data-end=\"401\">En el frente se aprecia la tradicional cruz con las inscripciones caracter\u00edsticas de la medalla. En la parte posterior cuenta con la imagen de San Benito, representado seg\u00fan la iconograf\u00eda tradicional.<\/p>\n<p data-start=\"273\" data-end=\"401\">Diametro: 8.5cm<\/p>\n","protected":false},"featured_media":13136,"template":"","meta":{"_joinchat":[]},"product_brand":[],"product_cat":[119,121],"product_tag":[],"class_list":{"0":"post-13135","1":"product","2":"type-product","3":"status-publish","4":"has-post-thumbnail","6":"product_cat-articulos-de-santeria","7":"product_cat-medallones","9":"first","10":"instock","11":"shipping-taxable","12":"purchasable","13":"product-type-simple"},"_links":{"self":[{"href":"https:\/\/sanbenitosanteria.com\/index.php\/wp-json\/wp\/v2\/product\/13135","targetHints":{"allow":["GET"]}}],"collection":[{"href":"https:\/\/sanbenitosanteria.com\/index.php\/wp-json\/wp\/v2\/product"}],"about":[{"href":"https:\/\/sanbenitosanteria.com\/index.php\/wp-json\/wp\/v2\/types\/product"}],"version-history":[{"count":3,"href":"https:\/\/sanbenitosanteria.com\/index.php\/wp-json\/wp\/v2\/product\/13135\/revisions"}],"predecessor-version":[{"id":13240,"href":"https:\/\/sanbenitosanteria.com\/index.php\/wp-json\/wp\/v2\/product\/13135\/revisions\/13240"}],"wp:featuredmedia":[{"embeddable":true,"href":"https:\/\/sanbenitosanteria.com\/index.php\/wp-json\/wp\/v2\/media\/13136"}],"wp:attachment":[{"href":"https:\/\/sanbenitosanteria.com\/index.php\/wp-json\/wp\/v2\/media?parent=13135"}],"wp:term":[{"taxonomy":"product_brand","embeddable":true,"href":"https:\/\/sanbenitosanteria.com\/index.php\/wp-json\/wp\/v2\/product_brand?post=13135"},{"taxonomy":"product_cat","embeddable":true,"href":"https:\/\/sanbenitosanteria.com\/index.php\/wp-json\/wp\/v2\/product_cat?post=13135"},{"taxonomy":"product_tag","embeddable":true,"href":"https:\/\/sanbenitosanteria.com\/index.php\/wp-json\/wp\/v2\/product_tag?post=13135"}],"curies":[{"name":"wp","href":"https:\/\/api.w.org\/{rel}","templated":true}]}}