{"id":13147,"date":"2026-04-04T15:20:47","date_gmt":"2026-04-04T15:20:47","guid":{"rendered":"https:\/\/sanbenitosanteria.com\/?post_type=product&#038;p=13147"},"modified":"2026-04-04T15:20:47","modified_gmt":"2026-04-04T15:20:47","slug":"rosario-plata-san-benito","status":"publish","type":"product","link":"https:\/\/sanbenitosanteria.com\/index.php\/product\/rosario-plata-san-benito\/","title":{"rendered":"Rosario Plata San Benito"},"content":{"rendered":"","protected":false},"excerpt":{"rendered":"<p>Rosario de plata 925 San Benito<\/p>\n<p>Rosario de plata 925, en el centro se destaca la medalla de San Benito, acompa\u00f1ada por un fino crucifijo, conformando una pieza \u00fanica. Su dise\u00f1o cuidado y materiales de calidad lo convierten en un rosario exclusivo, resistente y duradero, ideal tanto para uso personal como para un regalo especial.<\/p>\n","protected":false},"featured_media":13148,"template":"","meta":{"_joinchat":[]},"product_brand":[],"product_cat":[119,130],"product_tag":[],"class_list":{"0":"post-13147","1":"product","2":"type-product","3":"status-publish","4":"has-post-thumbnail","6":"product_cat-articulos-de-santeria","7":"product_cat-rosarios","9":"first","10":"instock","11":"shipping-taxable","12":"purchasable","13":"product-type-simple"},"_links":{"self":[{"href":"https:\/\/sanbenitosanteria.com\/index.php\/wp-json\/wp\/v2\/product\/13147","targetHints":{"allow":["GET"]}}],"collection":[{"href":"https:\/\/sanbenitosanteria.com\/index.php\/wp-json\/wp\/v2\/product"}],"about":[{"href":"https:\/\/sanbenitosanteria.com\/index.php\/wp-json\/wp\/v2\/types\/product"}],"version-history":[{"count":1,"href":"https:\/\/sanbenitosanteria.com\/index.php\/wp-json\/wp\/v2\/product\/13147\/revisions"}],"predecessor-version":[{"id":13153,"href":"https:\/\/sanbenitosanteria.com\/index.php\/wp-json\/wp\/v2\/product\/13147\/revisions\/13153"}],"wp:featuredmedia":[{"embeddable":true,"href":"https:\/\/sanbenitosanteria.com\/index.php\/wp-json\/wp\/v2\/media\/13148"}],"wp:attachment":[{"href":"https:\/\/sanbenitosanteria.com\/index.php\/wp-json\/wp\/v2\/media?parent=13147"}],"wp:term":[{"taxonomy":"product_brand","embeddable":true,"href":"https:\/\/sanbenitosanteria.com\/index.php\/wp-json\/wp\/v2\/product_brand?post=13147"},{"taxonomy":"product_cat","embeddable":true,"href":"https:\/\/sanbenitosanteria.com\/index.php\/wp-json\/wp\/v2\/product_cat?post=13147"},{"taxonomy":"product_tag","embeddable":true,"href":"https:\/\/sanbenitosanteria.com\/index.php\/wp-json\/wp\/v2\/product_tag?post=13147"}],"curies":[{"name":"wp","href":"https:\/\/api.w.org\/{rel}","templated":true}]}}