{"id":13154,"date":"2026-04-04T15:23:41","date_gmt":"2026-04-04T15:23:41","guid":{"rendered":"https:\/\/sanbenitosanteria.com\/?post_type=product&#038;p=13154"},"modified":"2026-04-04T15:26:56","modified_gmt":"2026-04-04T15:26:56","slug":"cruz-padre-nuestro","status":"publish","type":"product","link":"https:\/\/sanbenitosanteria.com\/index.php\/product\/cruz-padre-nuestro\/","title":{"rendered":"Cruz Padre Nuestro"},"content":{"rendered":"","protected":false},"excerpt":{"rendered":"<p data-start=\"0\" data-end=\"130\">Cruz de acero quir\u00fargico con delicado grabado l\u00e1ser del Padre Nuestro, que aporta precisi\u00f3n y durabilidad en cada detalle.<\/p>\n<p data-start=\"132\" data-end=\"350\" data-is-last-node=\"\" data-is-only-node=\"\">Una pieza significativa y resistente, ideal para llevar siempre encima como s\u00edmbolo de fe.<\/p>\n","protected":false},"featured_media":13159,"template":"","meta":{"_joinchat":[]},"product_brand":[],"product_cat":[119,120,138],"product_tag":[],"class_list":{"0":"post-13154","1":"product","2":"type-product","3":"status-publish","4":"has-post-thumbnail","6":"product_cat-articulos-de-santeria","7":"product_cat-dijes","8":"product_cat-dijes-de-acero-quirurgico","10":"first","11":"instock","12":"shipping-taxable","13":"purchasable","14":"product-type-simple"},"_links":{"self":[{"href":"https:\/\/sanbenitosanteria.com\/index.php\/wp-json\/wp\/v2\/product\/13154","targetHints":{"allow":["GET"]}}],"collection":[{"href":"https:\/\/sanbenitosanteria.com\/index.php\/wp-json\/wp\/v2\/product"}],"about":[{"href":"https:\/\/sanbenitosanteria.com\/index.php\/wp-json\/wp\/v2\/types\/product"}],"version-history":[{"count":1,"href":"https:\/\/sanbenitosanteria.com\/index.php\/wp-json\/wp\/v2\/product\/13154\/revisions"}],"predecessor-version":[{"id":13156,"href":"https:\/\/sanbenitosanteria.com\/index.php\/wp-json\/wp\/v2\/product\/13154\/revisions\/13156"}],"wp:featuredmedia":[{"embeddable":true,"href":"https:\/\/sanbenitosanteria.com\/index.php\/wp-json\/wp\/v2\/media\/13159"}],"wp:attachment":[{"href":"https:\/\/sanbenitosanteria.com\/index.php\/wp-json\/wp\/v2\/media?parent=13154"}],"wp:term":[{"taxonomy":"product_brand","embeddable":true,"href":"https:\/\/sanbenitosanteria.com\/index.php\/wp-json\/wp\/v2\/product_brand?post=13154"},{"taxonomy":"product_cat","embeddable":true,"href":"https:\/\/sanbenitosanteria.com\/index.php\/wp-json\/wp\/v2\/product_cat?post=13154"},{"taxonomy":"product_tag","embeddable":true,"href":"https:\/\/sanbenitosanteria.com\/index.php\/wp-json\/wp\/v2\/product_tag?post=13154"}],"curies":[{"name":"wp","href":"https:\/\/api.w.org\/{rel}","templated":true}]}}