{"id":13178,"date":"2026-04-04T16:14:25","date_gmt":"2026-04-04T16:14:25","guid":{"rendered":"https:\/\/sanbenitosanteria.com\/?post_type=product&#038;p=13178"},"modified":"2026-04-04T21:00:12","modified_gmt":"2026-04-04T21:00:12","slug":"medalla-milagrosa-plata","status":"publish","type":"product","link":"https:\/\/sanbenitosanteria.com\/index.php\/product\/medalla-milagrosa-plata\/","title":{"rendered":"Medalla Milagrosa Plata"},"content":{"rendered":"","protected":false},"excerpt":{"rendered":"<p>Medalla de la Virgen de la Medalla Milagrosa, una de las advocaciones marianas m\u00e1s queridas dentro de la devoci\u00f3n cat\u00f3lica, representada con los brazos abiertos como signo de gracia y protecci\u00f3n.<\/p>\n<p>Elaborado en plata con muy buena terminaci\u00f3n que permite apreciar cada relieve con claridad.<\/p>\n","protected":false},"featured_media":13181,"template":"","meta":{"_joinchat":[]},"product_brand":[],"product_cat":[119,120,139],"product_tag":[],"class_list":{"0":"post-13178","1":"product","2":"type-product","3":"status-publish","4":"has-post-thumbnail","6":"product_cat-articulos-de-santeria","7":"product_cat-dijes","8":"product_cat-dijes-de-plata","10":"first","11":"instock","12":"shipping-taxable","13":"purchasable","14":"product-type-variable"},"_links":{"self":[{"href":"https:\/\/sanbenitosanteria.com\/index.php\/wp-json\/wp\/v2\/product\/13178","targetHints":{"allow":["GET"]}}],"collection":[{"href":"https:\/\/sanbenitosanteria.com\/index.php\/wp-json\/wp\/v2\/product"}],"about":[{"href":"https:\/\/sanbenitosanteria.com\/index.php\/wp-json\/wp\/v2\/types\/product"}],"version-history":[{"count":2,"href":"https:\/\/sanbenitosanteria.com\/index.php\/wp-json\/wp\/v2\/product\/13178\/revisions"}],"predecessor-version":[{"id":13244,"href":"https:\/\/sanbenitosanteria.com\/index.php\/wp-json\/wp\/v2\/product\/13178\/revisions\/13244"}],"wp:featuredmedia":[{"embeddable":true,"href":"https:\/\/sanbenitosanteria.com\/index.php\/wp-json\/wp\/v2\/media\/13181"}],"wp:attachment":[{"href":"https:\/\/sanbenitosanteria.com\/index.php\/wp-json\/wp\/v2\/media?parent=13178"}],"wp:term":[{"taxonomy":"product_brand","embeddable":true,"href":"https:\/\/sanbenitosanteria.com\/index.php\/wp-json\/wp\/v2\/product_brand?post=13178"},{"taxonomy":"product_cat","embeddable":true,"href":"https:\/\/sanbenitosanteria.com\/index.php\/wp-json\/wp\/v2\/product_cat?post=13178"},{"taxonomy":"product_tag","embeddable":true,"href":"https:\/\/sanbenitosanteria.com\/index.php\/wp-json\/wp\/v2\/product_tag?post=13178"}],"curies":[{"name":"wp","href":"https:\/\/api.w.org\/{rel}","templated":true}]}}