{"id":13282,"date":"2026-04-07T20:00:03","date_gmt":"2026-04-07T20:00:03","guid":{"rendered":"https:\/\/sanbenitosanteria.com\/?post_type=product&#038;p=13282"},"modified":"2026-04-07T20:00:04","modified_gmt":"2026-04-07T20:00:04","slug":"medalla-rosario-vasco","status":"publish","type":"product","link":"https:\/\/sanbenitosanteria.com\/index.php\/product\/medalla-rosario-vasco\/","title":{"rendered":"Medalla Rosario Vasco"},"content":{"rendered":"","protected":false},"excerpt":{"rendered":"<p>El rosario vasco consta de una peque\u00f1a cruz y diez cuentas para rezar,\u00a0simbolizando fe, protecci\u00f3n y uni\u00f3n. simbolizando fe, protecci\u00f3n y uni\u00f3n. Originado supuestamente en el siglo VIII para rezar discretamente durante la invasi\u00f3n isl\u00e1mica, permite orar el rosario con una sola mano.<\/p>\n<p>Elaborada en plata 925.<\/p>\n","protected":false},"featured_media":13283,"template":"","meta":{"_joinchat":[]},"product_brand":[],"product_cat":[20],"product_tag":[],"class_list":{"0":"post-13282","1":"product","2":"type-product","3":"status-publish","4":"has-post-thumbnail","6":"product_cat-accessories","8":"first","9":"instock","10":"shipping-taxable","11":"purchasable","12":"product-type-simple"},"_links":{"self":[{"href":"https:\/\/sanbenitosanteria.com\/index.php\/wp-json\/wp\/v2\/product\/13282","targetHints":{"allow":["GET"]}}],"collection":[{"href":"https:\/\/sanbenitosanteria.com\/index.php\/wp-json\/wp\/v2\/product"}],"about":[{"href":"https:\/\/sanbenitosanteria.com\/index.php\/wp-json\/wp\/v2\/types\/product"}],"version-history":[{"count":1,"href":"https:\/\/sanbenitosanteria.com\/index.php\/wp-json\/wp\/v2\/product\/13282\/revisions"}],"predecessor-version":[{"id":13285,"href":"https:\/\/sanbenitosanteria.com\/index.php\/wp-json\/wp\/v2\/product\/13282\/revisions\/13285"}],"wp:featuredmedia":[{"embeddable":true,"href":"https:\/\/sanbenitosanteria.com\/index.php\/wp-json\/wp\/v2\/media\/13283"}],"wp:attachment":[{"href":"https:\/\/sanbenitosanteria.com\/index.php\/wp-json\/wp\/v2\/media?parent=13282"}],"wp:term":[{"taxonomy":"product_brand","embeddable":true,"href":"https:\/\/sanbenitosanteria.com\/index.php\/wp-json\/wp\/v2\/product_brand?post=13282"},{"taxonomy":"product_cat","embeddable":true,"href":"https:\/\/sanbenitosanteria.com\/index.php\/wp-json\/wp\/v2\/product_cat?post=13282"},{"taxonomy":"product_tag","embeddable":true,"href":"https:\/\/sanbenitosanteria.com\/index.php\/wp-json\/wp\/v2\/product_tag?post=13282"}],"curies":[{"name":"wp","href":"https:\/\/api.w.org\/{rel}","templated":true}]}}