{"id":13301,"date":"2026-04-07T20:34:47","date_gmt":"2026-04-07T20:34:47","guid":{"rendered":"https:\/\/sanbenitosanteria.com\/?post_type=product&#038;p=13301"},"modified":"2026-04-07T20:34:48","modified_gmt":"2026-04-07T20:34:48","slug":"medallon-alpaca-banada-en-plata-san-benito","status":"publish","type":"product","link":"https:\/\/sanbenitosanteria.com\/index.php\/product\/medallon-alpaca-banada-en-plata-san-benito\/","title":{"rendered":"Medall\u00f3n Alpaca Ba\u00f1ada en Plata San Benito"},"content":{"rendered":"","protected":false},"excerpt":{"rendered":"<p>Medall\u00f3n de Alpaca Ba\u00f1ado en Plata San Benito<\/p>\n<p>Di\u00e1metro: 4cm<\/p>\n","protected":false},"featured_media":13302,"template":"","meta":{"_joinchat":[]},"product_brand":[],"product_cat":[119,120,137],"product_tag":[],"class_list":{"0":"post-13301","1":"product","2":"type-product","3":"status-publish","4":"has-post-thumbnail","6":"product_cat-articulos-de-santeria","7":"product_cat-dijes","8":"product_cat-dijes-de-metales-varios","10":"first","11":"instock","12":"shipping-taxable","13":"purchasable","14":"product-type-simple"},"_links":{"self":[{"href":"https:\/\/sanbenitosanteria.com\/index.php\/wp-json\/wp\/v2\/product\/13301","targetHints":{"allow":["GET"]}}],"collection":[{"href":"https:\/\/sanbenitosanteria.com\/index.php\/wp-json\/wp\/v2\/product"}],"about":[{"href":"https:\/\/sanbenitosanteria.com\/index.php\/wp-json\/wp\/v2\/types\/product"}],"version-history":[{"count":1,"href":"https:\/\/sanbenitosanteria.com\/index.php\/wp-json\/wp\/v2\/product\/13301\/revisions"}],"predecessor-version":[{"id":13304,"href":"https:\/\/sanbenitosanteria.com\/index.php\/wp-json\/wp\/v2\/product\/13301\/revisions\/13304"}],"wp:featuredmedia":[{"embeddable":true,"href":"https:\/\/sanbenitosanteria.com\/index.php\/wp-json\/wp\/v2\/media\/13302"}],"wp:attachment":[{"href":"https:\/\/sanbenitosanteria.com\/index.php\/wp-json\/wp\/v2\/media?parent=13301"}],"wp:term":[{"taxonomy":"product_brand","embeddable":true,"href":"https:\/\/sanbenitosanteria.com\/index.php\/wp-json\/wp\/v2\/product_brand?post=13301"},{"taxonomy":"product_cat","embeddable":true,"href":"https:\/\/sanbenitosanteria.com\/index.php\/wp-json\/wp\/v2\/product_cat?post=13301"},{"taxonomy":"product_tag","embeddable":true,"href":"https:\/\/sanbenitosanteria.com\/index.php\/wp-json\/wp\/v2\/product_tag?post=13301"}],"curies":[{"name":"wp","href":"https:\/\/api.w.org\/{rel}","templated":true}]}}