{"id":13327,"date":"2026-04-07T21:25:02","date_gmt":"2026-04-07T21:25:02","guid":{"rendered":"https:\/\/sanbenitosanteria.com\/?post_type=product&#038;p=13327"},"modified":"2026-04-07T21:25:11","modified_gmt":"2026-04-07T21:25:11","slug":"medalla-redonda-san-jose","status":"publish","type":"product","link":"https:\/\/sanbenitosanteria.com\/index.php\/product\/medalla-redonda-san-jose\/","title":{"rendered":"Medalla redonda San Jose Plata"},"content":{"rendered":"","protected":false},"excerpt":{"rendered":"<p>San Jos\u00e9, custodio de la Sagrada Familia, representa el amor silencioso, la entrega y la fidelidad absoluta a la voluntad de Dios. Portar su medalla es una invitaci\u00f3n a poner bajo su amparo nuestro hogar y nuestro trabajo.<\/p>\n<p>Esta medalla de formato circular est\u00e1 realizada \u00edntegramente en <b data-path-to-node=\"6\" data-index-in-node=\"64\">plata 925<\/b>, lo que garantiza una pieza de excelente calidad y brillo duradero. Presenta en su frente la imagen detallada de San Jos\u00e9 con el Ni\u00f1o Jes\u00fas y, en su parte posterior, el grabado del lirio, s\u00edmbolo de su integridad y elecci\u00f3n divina; es ideal para llevarla diariamente como un signo de protecci\u00f3n laboral y familiar.<\/p>\n","protected":false},"featured_media":13328,"template":"","meta":{"_joinchat":[]},"product_brand":[],"product_cat":[119,120,139],"product_tag":[],"class_list":{"0":"post-13327","1":"product","2":"type-product","3":"status-publish","4":"has-post-thumbnail","6":"product_cat-articulos-de-santeria","7":"product_cat-dijes","8":"product_cat-dijes-de-plata","10":"first","11":"instock","12":"shipping-taxable","13":"purchasable","14":"product-type-simple"},"_links":{"self":[{"href":"https:\/\/sanbenitosanteria.com\/index.php\/wp-json\/wp\/v2\/product\/13327","targetHints":{"allow":["GET"]}}],"collection":[{"href":"https:\/\/sanbenitosanteria.com\/index.php\/wp-json\/wp\/v2\/product"}],"about":[{"href":"https:\/\/sanbenitosanteria.com\/index.php\/wp-json\/wp\/v2\/types\/product"}],"version-history":[{"count":2,"href":"https:\/\/sanbenitosanteria.com\/index.php\/wp-json\/wp\/v2\/product\/13327\/revisions"}],"predecessor-version":[{"id":13331,"href":"https:\/\/sanbenitosanteria.com\/index.php\/wp-json\/wp\/v2\/product\/13327\/revisions\/13331"}],"wp:featuredmedia":[{"embeddable":true,"href":"https:\/\/sanbenitosanteria.com\/index.php\/wp-json\/wp\/v2\/media\/13328"}],"wp:attachment":[{"href":"https:\/\/sanbenitosanteria.com\/index.php\/wp-json\/wp\/v2\/media?parent=13327"}],"wp:term":[{"taxonomy":"product_brand","embeddable":true,"href":"https:\/\/sanbenitosanteria.com\/index.php\/wp-json\/wp\/v2\/product_brand?post=13327"},{"taxonomy":"product_cat","embeddable":true,"href":"https:\/\/sanbenitosanteria.com\/index.php\/wp-json\/wp\/v2\/product_cat?post=13327"},{"taxonomy":"product_tag","embeddable":true,"href":"https:\/\/sanbenitosanteria.com\/index.php\/wp-json\/wp\/v2\/product_tag?post=13327"}],"curies":[{"name":"wp","href":"https:\/\/api.w.org\/{rel}","templated":true}]}}