{"id":13338,"date":"2026-04-08T14:17:18","date_gmt":"2026-04-08T14:17:18","guid":{"rendered":"https:\/\/sanbenitosanteria.com\/?post_type=product&#038;p=13338"},"modified":"2026-04-08T14:17:42","modified_gmt":"2026-04-08T14:17:42","slug":"medalla-san-benito-rodinada","status":"publish","type":"product","link":"https:\/\/sanbenitosanteria.com\/index.php\/product\/medalla-san-benito-rodinada\/","title":{"rendered":"Medalla San Benito Plata Rodinada"},"content":{"rendered":"","protected":false},"excerpt":{"rendered":"<p>La Medalla de San Benito es mucho m\u00e1s que un objeto de devoci\u00f3n; es un poderoso s\u00edmbolo de fe y protecci\u00f3n que nos recuerda la presencia constante de Dios en nuestra vida.<\/p>\n<p>Elaborada en plata 925 rodinada, con muy buena terminaci\u00f3n que permite apreciar cada relieve con claridad. Presenta la tradicional Cruz de San Benito en el frente y la imagen del Santo en su parte posterior.<\/p>\n","protected":false},"featured_media":13339,"template":"","meta":{"_joinchat":[]},"product_brand":[],"product_cat":[119,120,139],"product_tag":[],"class_list":{"0":"post-13338","1":"product","2":"type-product","3":"status-publish","4":"has-post-thumbnail","6":"product_cat-articulos-de-santeria","7":"product_cat-dijes","8":"product_cat-dijes-de-plata","10":"first","11":"instock","12":"shipping-taxable","13":"purchasable","14":"product-type-simple"},"_links":{"self":[{"href":"https:\/\/sanbenitosanteria.com\/index.php\/wp-json\/wp\/v2\/product\/13338","targetHints":{"allow":["GET"]}}],"collection":[{"href":"https:\/\/sanbenitosanteria.com\/index.php\/wp-json\/wp\/v2\/product"}],"about":[{"href":"https:\/\/sanbenitosanteria.com\/index.php\/wp-json\/wp\/v2\/types\/product"}],"version-history":[{"count":2,"href":"https:\/\/sanbenitosanteria.com\/index.php\/wp-json\/wp\/v2\/product\/13338\/revisions"}],"predecessor-version":[{"id":13342,"href":"https:\/\/sanbenitosanteria.com\/index.php\/wp-json\/wp\/v2\/product\/13338\/revisions\/13342"}],"wp:featuredmedia":[{"embeddable":true,"href":"https:\/\/sanbenitosanteria.com\/index.php\/wp-json\/wp\/v2\/media\/13339"}],"wp:attachment":[{"href":"https:\/\/sanbenitosanteria.com\/index.php\/wp-json\/wp\/v2\/media?parent=13338"}],"wp:term":[{"taxonomy":"product_brand","embeddable":true,"href":"https:\/\/sanbenitosanteria.com\/index.php\/wp-json\/wp\/v2\/product_brand?post=13338"},{"taxonomy":"product_cat","embeddable":true,"href":"https:\/\/sanbenitosanteria.com\/index.php\/wp-json\/wp\/v2\/product_cat?post=13338"},{"taxonomy":"product_tag","embeddable":true,"href":"https:\/\/sanbenitosanteria.com\/index.php\/wp-json\/wp\/v2\/product_tag?post=13338"}],"curies":[{"name":"wp","href":"https:\/\/api.w.org\/{rel}","templated":true}]}}