{"id":13345,"date":"2026-04-08T15:57:19","date_gmt":"2026-04-08T15:57:19","guid":{"rendered":"https:\/\/sanbenitosanteria.com\/?post_type=product&#038;p=13345"},"modified":"2026-04-08T15:57:20","modified_gmt":"2026-04-08T15:57:20","slug":"prendedor-plata-san-benito","status":"publish","type":"product","link":"https:\/\/sanbenitosanteria.com\/index.php\/product\/prendedor-plata-san-benito\/","title":{"rendered":"Prendedor Plata San Benito"},"content":{"rendered":"","protected":false},"excerpt":{"rendered":"<p>Es una pieza que abraza la tradici\u00f3n de proteger a los que m\u00e1s queremos, record\u00e1ndonos que la fe nos acompa\u00f1a en cada peque\u00f1o gesto y en cada lugar donde nos encontremos.<\/p>\n<p>Este delicado prendedor tipo alfiler de gancho est\u00e1 realizado \u00edntegramente en <b data-path-to-node=\"6\" data-index-in-node=\"78\">plata 925<\/b>. El conjunto incluye una peque\u00f1a medalla de San Benito colgante con detalles definidos; su uso es ideal para colocar en la ropa o en el interior de un bolso, siendo un regalo cl\u00e1sico ideal para acompa\u00f1ar y proteger desde los primeros momentos.<\/p>\n","protected":false},"featured_media":13346,"template":"","meta":{"_joinchat":[]},"product_brand":[],"product_cat":[119,140,120,139],"product_tag":[],"class_list":{"0":"post-13345","1":"product","2":"type-product","3":"status-publish","4":"has-post-thumbnail","6":"product_cat-articulos-de-santeria","7":"product_cat-articulos-infantiles","8":"product_cat-dijes","9":"product_cat-dijes-de-plata","11":"first","12":"instock","13":"shipping-taxable","14":"purchasable","15":"product-type-simple"},"_links":{"self":[{"href":"https:\/\/sanbenitosanteria.com\/index.php\/wp-json\/wp\/v2\/product\/13345","targetHints":{"allow":["GET"]}}],"collection":[{"href":"https:\/\/sanbenitosanteria.com\/index.php\/wp-json\/wp\/v2\/product"}],"about":[{"href":"https:\/\/sanbenitosanteria.com\/index.php\/wp-json\/wp\/v2\/types\/product"}],"version-history":[{"count":1,"href":"https:\/\/sanbenitosanteria.com\/index.php\/wp-json\/wp\/v2\/product\/13345\/revisions"}],"predecessor-version":[{"id":13348,"href":"https:\/\/sanbenitosanteria.com\/index.php\/wp-json\/wp\/v2\/product\/13345\/revisions\/13348"}],"wp:featuredmedia":[{"embeddable":true,"href":"https:\/\/sanbenitosanteria.com\/index.php\/wp-json\/wp\/v2\/media\/13346"}],"wp:attachment":[{"href":"https:\/\/sanbenitosanteria.com\/index.php\/wp-json\/wp\/v2\/media?parent=13345"}],"wp:term":[{"taxonomy":"product_brand","embeddable":true,"href":"https:\/\/sanbenitosanteria.com\/index.php\/wp-json\/wp\/v2\/product_brand?post=13345"},{"taxonomy":"product_cat","embeddable":true,"href":"https:\/\/sanbenitosanteria.com\/index.php\/wp-json\/wp\/v2\/product_cat?post=13345"},{"taxonomy":"product_tag","embeddable":true,"href":"https:\/\/sanbenitosanteria.com\/index.php\/wp-json\/wp\/v2\/product_tag?post=13345"}],"curies":[{"name":"wp","href":"https:\/\/api.w.org\/{rel}","templated":true}]}}