{"id":13349,"date":"2026-04-08T16:14:27","date_gmt":"2026-04-08T16:14:27","guid":{"rendered":"https:\/\/sanbenitosanteria.com\/?post_type=product&#038;p=13349"},"modified":"2026-04-08T16:14:28","modified_gmt":"2026-04-08T16:14:28","slug":"medalla-san-benito-con-diseno","status":"publish","type":"product","link":"https:\/\/sanbenitosanteria.com\/index.php\/product\/medalla-san-benito-con-diseno\/","title":{"rendered":"Medalla San Benito con Dise\u00f1o"},"content":{"rendered":"","protected":false},"excerpt":{"rendered":"<p>La Medalla de San Benito es mucho m\u00e1s que un objeto de devoci\u00f3n; es un poderoso s\u00edmbolo de fe y protecci\u00f3n que nos recuerda la presencia constante de Dios en nuestra vida.<\/p>\n<p>Esta medalla de dise\u00f1o exclusivo se destaca por su delicado borde con detalles en relieve, realizada \u00edntegramente en plata 925. Ideal para ser llevada diariamente como una protecci\u00f3n personal o para obsequiar a un ser querido.<\/p>\n","protected":false},"featured_media":13350,"template":"","meta":{"_joinchat":[]},"product_brand":[],"product_cat":[119,120,139],"product_tag":[],"class_list":{"0":"post-13349","1":"product","2":"type-product","3":"status-publish","4":"has-post-thumbnail","6":"product_cat-articulos-de-santeria","7":"product_cat-dijes","8":"product_cat-dijes-de-plata","10":"first","11":"instock","12":"shipping-taxable","13":"purchasable","14":"product-type-simple"},"_links":{"self":[{"href":"https:\/\/sanbenitosanteria.com\/index.php\/wp-json\/wp\/v2\/product\/13349","targetHints":{"allow":["GET"]}}],"collection":[{"href":"https:\/\/sanbenitosanteria.com\/index.php\/wp-json\/wp\/v2\/product"}],"about":[{"href":"https:\/\/sanbenitosanteria.com\/index.php\/wp-json\/wp\/v2\/types\/product"}],"version-history":[{"count":2,"href":"https:\/\/sanbenitosanteria.com\/index.php\/wp-json\/wp\/v2\/product\/13349\/revisions"}],"predecessor-version":[{"id":13353,"href":"https:\/\/sanbenitosanteria.com\/index.php\/wp-json\/wp\/v2\/product\/13349\/revisions\/13353"}],"wp:featuredmedia":[{"embeddable":true,"href":"https:\/\/sanbenitosanteria.com\/index.php\/wp-json\/wp\/v2\/media\/13350"}],"wp:attachment":[{"href":"https:\/\/sanbenitosanteria.com\/index.php\/wp-json\/wp\/v2\/media?parent=13349"}],"wp:term":[{"taxonomy":"product_brand","embeddable":true,"href":"https:\/\/sanbenitosanteria.com\/index.php\/wp-json\/wp\/v2\/product_brand?post=13349"},{"taxonomy":"product_cat","embeddable":true,"href":"https:\/\/sanbenitosanteria.com\/index.php\/wp-json\/wp\/v2\/product_cat?post=13349"},{"taxonomy":"product_tag","embeddable":true,"href":"https:\/\/sanbenitosanteria.com\/index.php\/wp-json\/wp\/v2\/product_tag?post=13349"}],"curies":[{"name":"wp","href":"https:\/\/api.w.org\/{rel}","templated":true}]}}