{"id":13354,"date":"2026-04-08T16:22:37","date_gmt":"2026-04-08T16:22:37","guid":{"rendered":"https:\/\/sanbenitosanteria.com\/?post_type=product&#038;p=13354"},"modified":"2026-04-08T16:22:37","modified_gmt":"2026-04-08T16:22:37","slug":"medalla-virgen-nina-con-oro","status":"publish","type":"product","link":"https:\/\/sanbenitosanteria.com\/index.php\/product\/medalla-virgen-nina-con-oro\/","title":{"rendered":"Medalla Virgen Ni\u00f1a con Oro"},"content":{"rendered":"","protected":false},"excerpt":{"rendered":"<p>La Virgen Ni\u00f1a representa la pureza, la ternura y el comienzo de una vida entregada a Dios, esta imagen es muy querida para pedir protecci\u00f3n sobre los m\u00e1s peque\u00f1os.<\/p>\n<p>Medalla circular delicadamente elaborada en plata 925 con un aplique central en dubl\u00e9 de oro que resalta la figura de la Virgen en oraci\u00f3n, brindando un contraste c\u00e1lido y distinguido. Por su tama\u00f1o y significado es ideal para acompa\u00f1ar y proteger desde los primeros momentos.<\/p>\n","protected":false},"featured_media":13356,"template":"","meta":{"_joinchat":[]},"product_brand":[],"product_cat":[119,120,139],"product_tag":[],"class_list":{"0":"post-13354","1":"product","2":"type-product","3":"status-publish","4":"has-post-thumbnail","6":"product_cat-articulos-de-santeria","7":"product_cat-dijes","8":"product_cat-dijes-de-plata","10":"first","11":"instock","12":"shipping-taxable","13":"purchasable","14":"product-type-simple"},"_links":{"self":[{"href":"https:\/\/sanbenitosanteria.com\/index.php\/wp-json\/wp\/v2\/product\/13354","targetHints":{"allow":["GET"]}}],"collection":[{"href":"https:\/\/sanbenitosanteria.com\/index.php\/wp-json\/wp\/v2\/product"}],"about":[{"href":"https:\/\/sanbenitosanteria.com\/index.php\/wp-json\/wp\/v2\/types\/product"}],"version-history":[{"count":1,"href":"https:\/\/sanbenitosanteria.com\/index.php\/wp-json\/wp\/v2\/product\/13354\/revisions"}],"predecessor-version":[{"id":13358,"href":"https:\/\/sanbenitosanteria.com\/index.php\/wp-json\/wp\/v2\/product\/13354\/revisions\/13358"}],"wp:featuredmedia":[{"embeddable":true,"href":"https:\/\/sanbenitosanteria.com\/index.php\/wp-json\/wp\/v2\/media\/13356"}],"wp:attachment":[{"href":"https:\/\/sanbenitosanteria.com\/index.php\/wp-json\/wp\/v2\/media?parent=13354"}],"wp:term":[{"taxonomy":"product_brand","embeddable":true,"href":"https:\/\/sanbenitosanteria.com\/index.php\/wp-json\/wp\/v2\/product_brand?post=13354"},{"taxonomy":"product_cat","embeddable":true,"href":"https:\/\/sanbenitosanteria.com\/index.php\/wp-json\/wp\/v2\/product_cat?post=13354"},{"taxonomy":"product_tag","embeddable":true,"href":"https:\/\/sanbenitosanteria.com\/index.php\/wp-json\/wp\/v2\/product_tag?post=13354"}],"curies":[{"name":"wp","href":"https:\/\/api.w.org\/{rel}","templated":true}]}}