{"id":13362,"date":"2026-04-08T16:43:22","date_gmt":"2026-04-08T16:43:22","guid":{"rendered":"https:\/\/sanbenitosanteria.com\/?post_type=product&#038;p=13362"},"modified":"2026-04-08T16:43:23","modified_gmt":"2026-04-08T16:43:23","slug":"cruz-malta-san-benito-con-oro","status":"publish","type":"product","link":"https:\/\/sanbenitosanteria.com\/index.php\/product\/cruz-malta-san-benito-con-oro\/","title":{"rendered":"Cruz Malta San Benito con Oro"},"content":{"rendered":"","protected":false},"excerpt":{"rendered":"<p>La combinaci\u00f3n de la Cruz de Malta con la Medalla de San Benito une dos potentes s\u00edmbolos de la tradici\u00f3n cristiana. La Cruz de Malta, con sus ocho puntas, representa las bienaventuranzas y el compromiso del caballero de la fe, mientras que San Benito nos ofrece su protecci\u00f3n contra toda adversidad.<\/p>\n<p>Esta exclusiva medalla con forma de Cruz de Malta est\u00e1 fabricada en plata 925 de alta calidad, con un centro destacado en dubl\u00e9 de oro que resalta la Cruz de San Benito en el frente. El dise\u00f1o incluye la figura del Santo en el dorso.<\/p>\n","protected":false},"featured_media":13360,"template":"","meta":{"_joinchat":[]},"product_brand":[],"product_cat":[20],"product_tag":[],"class_list":{"0":"post-13362","1":"product","2":"type-product","3":"status-publish","4":"has-post-thumbnail","6":"product_cat-accessories","8":"first","9":"instock","10":"shipping-taxable","11":"purchasable","12":"product-type-simple"},"_links":{"self":[{"href":"https:\/\/sanbenitosanteria.com\/index.php\/wp-json\/wp\/v2\/product\/13362","targetHints":{"allow":["GET"]}}],"collection":[{"href":"https:\/\/sanbenitosanteria.com\/index.php\/wp-json\/wp\/v2\/product"}],"about":[{"href":"https:\/\/sanbenitosanteria.com\/index.php\/wp-json\/wp\/v2\/types\/product"}],"version-history":[{"count":1,"href":"https:\/\/sanbenitosanteria.com\/index.php\/wp-json\/wp\/v2\/product\/13362\/revisions"}],"predecessor-version":[{"id":13363,"href":"https:\/\/sanbenitosanteria.com\/index.php\/wp-json\/wp\/v2\/product\/13362\/revisions\/13363"}],"wp:featuredmedia":[{"embeddable":true,"href":"https:\/\/sanbenitosanteria.com\/index.php\/wp-json\/wp\/v2\/media\/13360"}],"wp:attachment":[{"href":"https:\/\/sanbenitosanteria.com\/index.php\/wp-json\/wp\/v2\/media?parent=13362"}],"wp:term":[{"taxonomy":"product_brand","embeddable":true,"href":"https:\/\/sanbenitosanteria.com\/index.php\/wp-json\/wp\/v2\/product_brand?post=13362"},{"taxonomy":"product_cat","embeddable":true,"href":"https:\/\/sanbenitosanteria.com\/index.php\/wp-json\/wp\/v2\/product_cat?post=13362"},{"taxonomy":"product_tag","embeddable":true,"href":"https:\/\/sanbenitosanteria.com\/index.php\/wp-json\/wp\/v2\/product_tag?post=13362"}],"curies":[{"name":"wp","href":"https:\/\/api.w.org\/{rel}","templated":true}]}}