{"id":13364,"date":"2026-04-08T18:11:38","date_gmt":"2026-04-08T18:11:38","guid":{"rendered":"https:\/\/sanbenitosanteria.com\/?post_type=product&#038;p=13364"},"modified":"2026-04-08T18:11:40","modified_gmt":"2026-04-08T18:11:40","slug":"medalla-san-benito-acero-dorado","status":"publish","type":"product","link":"https:\/\/sanbenitosanteria.com\/index.php\/product\/medalla-san-benito-acero-dorado\/","title":{"rendered":"Medalla San Benito Acero Dorado"},"content":{"rendered":"","protected":false},"excerpt":{"rendered":"<p>La Medalla de San Benito es mucho m\u00e1s que un objeto de devoci\u00f3n; es un poderoso s\u00edmbolo de fe y protecci\u00f3n que nos recuerda la presencia constante de Dios en nuestra vida. Llevar esta medalla es una forma de honrar el legado de San Benito, cuya vida fue un testimonio de oraci\u00f3n y trabajo.<\/p>\n<p>Esta medalla de formato circular est\u00e1 confeccionada en <b data-path-to-node=\"6\" data-index-in-node=\"55\">acero quir\u00fargico<\/b> con un acabado en color dorado. Presenta la tradicional Cruz de San Benito en el frente y la imagen detallada del Santo de cuerpo completo en su parte posterior<\/p>\n","protected":false},"featured_media":13365,"template":"","meta":{"_joinchat":[]},"product_brand":[],"product_cat":[119,120,138],"product_tag":[],"class_list":{"0":"post-13364","1":"product","2":"type-product","3":"status-publish","4":"has-post-thumbnail","6":"product_cat-articulos-de-santeria","7":"product_cat-dijes","8":"product_cat-dijes-de-acero-quirurgico","10":"first","11":"instock","12":"shipping-taxable","13":"purchasable","14":"product-type-simple"},"_links":{"self":[{"href":"https:\/\/sanbenitosanteria.com\/index.php\/wp-json\/wp\/v2\/product\/13364","targetHints":{"allow":["GET"]}}],"collection":[{"href":"https:\/\/sanbenitosanteria.com\/index.php\/wp-json\/wp\/v2\/product"}],"about":[{"href":"https:\/\/sanbenitosanteria.com\/index.php\/wp-json\/wp\/v2\/types\/product"}],"version-history":[{"count":1,"href":"https:\/\/sanbenitosanteria.com\/index.php\/wp-json\/wp\/v2\/product\/13364\/revisions"}],"predecessor-version":[{"id":13367,"href":"https:\/\/sanbenitosanteria.com\/index.php\/wp-json\/wp\/v2\/product\/13364\/revisions\/13367"}],"wp:featuredmedia":[{"embeddable":true,"href":"https:\/\/sanbenitosanteria.com\/index.php\/wp-json\/wp\/v2\/media\/13365"}],"wp:attachment":[{"href":"https:\/\/sanbenitosanteria.com\/index.php\/wp-json\/wp\/v2\/media?parent=13364"}],"wp:term":[{"taxonomy":"product_brand","embeddable":true,"href":"https:\/\/sanbenitosanteria.com\/index.php\/wp-json\/wp\/v2\/product_brand?post=13364"},{"taxonomy":"product_cat","embeddable":true,"href":"https:\/\/sanbenitosanteria.com\/index.php\/wp-json\/wp\/v2\/product_cat?post=13364"},{"taxonomy":"product_tag","embeddable":true,"href":"https:\/\/sanbenitosanteria.com\/index.php\/wp-json\/wp\/v2\/product_tag?post=13364"}],"curies":[{"name":"wp","href":"https:\/\/api.w.org\/{rel}","templated":true}]}}