{"id":13368,"date":"2026-04-08T18:25:00","date_gmt":"2026-04-08T18:25:00","guid":{"rendered":"https:\/\/sanbenitosanteria.com\/?post_type=product&#038;p=13368"},"modified":"2026-04-08T18:25:01","modified_gmt":"2026-04-08T18:25:01","slug":"medalla-grabada-laser-san-benito-esmalte","status":"publish","type":"product","link":"https:\/\/sanbenitosanteria.com\/index.php\/product\/medalla-grabada-laser-san-benito-esmalte\/","title":{"rendered":"Medalla Grabada L\u00e1ser San Benito Esmalte"},"content":{"rendered":"","protected":false},"excerpt":{"rendered":"<p>La Medalla de San Benito es mucho m\u00e1s que un objeto de devoci\u00f3n; es un poderoso s\u00edmbolo de fe y protecci\u00f3n que nos recuerda la presencia constante de Dios en nuestra vida. Llevar esta medalla es una forma de honrar el legado de San Benito, cuya vida fue un testimonio de oraci\u00f3n y trabajo.<\/p>\n<p>Est\u00e1 confeccionada \u00edntegramente en acero quir\u00fargico. Se destaca por su grabado l\u00e1ser de alta precisi\u00f3n que define cada s\u00edmbolo sagrado y por un delicado detalle en esmalte rojo que enmarca el dise\u00f1o central<\/p>\n","protected":false},"featured_media":13369,"template":"","meta":{"_joinchat":[]},"product_brand":[],"product_cat":[119,120,138],"product_tag":[],"class_list":{"0":"post-13368","1":"product","2":"type-product","3":"status-publish","4":"has-post-thumbnail","6":"product_cat-articulos-de-santeria","7":"product_cat-dijes","8":"product_cat-dijes-de-acero-quirurgico","10":"first","11":"instock","12":"shipping-taxable","13":"purchasable","14":"product-type-simple"},"_links":{"self":[{"href":"https:\/\/sanbenitosanteria.com\/index.php\/wp-json\/wp\/v2\/product\/13368","targetHints":{"allow":["GET"]}}],"collection":[{"href":"https:\/\/sanbenitosanteria.com\/index.php\/wp-json\/wp\/v2\/product"}],"about":[{"href":"https:\/\/sanbenitosanteria.com\/index.php\/wp-json\/wp\/v2\/types\/product"}],"version-history":[{"count":1,"href":"https:\/\/sanbenitosanteria.com\/index.php\/wp-json\/wp\/v2\/product\/13368\/revisions"}],"predecessor-version":[{"id":13371,"href":"https:\/\/sanbenitosanteria.com\/index.php\/wp-json\/wp\/v2\/product\/13368\/revisions\/13371"}],"wp:featuredmedia":[{"embeddable":true,"href":"https:\/\/sanbenitosanteria.com\/index.php\/wp-json\/wp\/v2\/media\/13369"}],"wp:attachment":[{"href":"https:\/\/sanbenitosanteria.com\/index.php\/wp-json\/wp\/v2\/media?parent=13368"}],"wp:term":[{"taxonomy":"product_brand","embeddable":true,"href":"https:\/\/sanbenitosanteria.com\/index.php\/wp-json\/wp\/v2\/product_brand?post=13368"},{"taxonomy":"product_cat","embeddable":true,"href":"https:\/\/sanbenitosanteria.com\/index.php\/wp-json\/wp\/v2\/product_cat?post=13368"},{"taxonomy":"product_tag","embeddable":true,"href":"https:\/\/sanbenitosanteria.com\/index.php\/wp-json\/wp\/v2\/product_tag?post=13368"}],"curies":[{"name":"wp","href":"https:\/\/api.w.org\/{rel}","templated":true}]}}