{"id":13372,"date":"2026-04-08T18:55:34","date_gmt":"2026-04-08T18:55:34","guid":{"rendered":"https:\/\/sanbenitosanteria.com\/?post_type=product&#038;p=13372"},"modified":"2026-04-08T18:55:34","modified_gmt":"2026-04-08T18:55:34","slug":"medalla-de-acero-con-esmalte-san-benito","status":"publish","type":"product","link":"https:\/\/sanbenitosanteria.com\/index.php\/product\/medalla-de-acero-con-esmalte-san-benito\/","title":{"rendered":"Medalla de Acero con Esmalte San Benito"},"content":{"rendered":"","protected":false},"excerpt":{"rendered":"<p>La Medalla de San Benito es mucho m\u00e1s que un objeto de devoci\u00f3n; es un poderoso s\u00edmbolo de fe y protecci\u00f3n que nos recuerda la presencia constante de Dios en nuestra vida.<\/p>\n<p>Esta medalla de formato circular est\u00e1 confeccionada en acero quir\u00fargico. La publicaci\u00f3n ofrece dos variantes de dise\u00f1o: una opci\u00f3n con detalles en esmalte negro que resalta los relieves plateados, y otra en tono dorado con esmalte blanco, ambas con la imagen del Santo de perfil en el dorso respetando el color elegido.<\/p>\n","protected":false},"featured_media":13373,"template":"","meta":{"_joinchat":[]},"product_brand":[],"product_cat":[119,120,138],"product_tag":[],"class_list":{"0":"post-13372","1":"product","2":"type-product","3":"status-publish","4":"has-post-thumbnail","6":"product_cat-articulos-de-santeria","7":"product_cat-dijes","8":"product_cat-dijes-de-acero-quirurgico","10":"first","11":"instock","12":"shipping-taxable","13":"purchasable","14":"product-type-variable"},"_links":{"self":[{"href":"https:\/\/sanbenitosanteria.com\/index.php\/wp-json\/wp\/v2\/product\/13372","targetHints":{"allow":["GET"]}}],"collection":[{"href":"https:\/\/sanbenitosanteria.com\/index.php\/wp-json\/wp\/v2\/product"}],"about":[{"href":"https:\/\/sanbenitosanteria.com\/index.php\/wp-json\/wp\/v2\/types\/product"}],"version-history":[{"count":1,"href":"https:\/\/sanbenitosanteria.com\/index.php\/wp-json\/wp\/v2\/product\/13372\/revisions"}],"predecessor-version":[{"id":13379,"href":"https:\/\/sanbenitosanteria.com\/index.php\/wp-json\/wp\/v2\/product\/13372\/revisions\/13379"}],"wp:featuredmedia":[{"embeddable":true,"href":"https:\/\/sanbenitosanteria.com\/index.php\/wp-json\/wp\/v2\/media\/13373"}],"wp:attachment":[{"href":"https:\/\/sanbenitosanteria.com\/index.php\/wp-json\/wp\/v2\/media?parent=13372"}],"wp:term":[{"taxonomy":"product_brand","embeddable":true,"href":"https:\/\/sanbenitosanteria.com\/index.php\/wp-json\/wp\/v2\/product_brand?post=13372"},{"taxonomy":"product_cat","embeddable":true,"href":"https:\/\/sanbenitosanteria.com\/index.php\/wp-json\/wp\/v2\/product_cat?post=13372"},{"taxonomy":"product_tag","embeddable":true,"href":"https:\/\/sanbenitosanteria.com\/index.php\/wp-json\/wp\/v2\/product_tag?post=13372"}],"curies":[{"name":"wp","href":"https:\/\/api.w.org\/{rel}","templated":true}]}}