{"id":13380,"date":"2026-04-08T19:08:13","date_gmt":"2026-04-08T19:08:13","guid":{"rendered":"https:\/\/sanbenitosanteria.com\/?post_type=product&#038;p=13380"},"modified":"2026-04-08T19:08:14","modified_gmt":"2026-04-08T19:08:14","slug":"crucifijo-con-san-benito-borde-negro","status":"publish","type":"product","link":"https:\/\/sanbenitosanteria.com\/index.php\/product\/crucifijo-con-san-benito-borde-negro\/","title":{"rendered":"Crucifijo con San Benito Borde Negro"},"content":{"rendered":"","protected":false},"excerpt":{"rendered":"<p>Crucifijo\u00a0que incorpora la Medalla de San Benito<\/p>\n<p>La Cruz, s\u00edmbolo del sacrificio y amor infinito de Jes\u00fas, se une a la intercesi\u00f3n del Santo Padre de los monjes. El dise\u00f1o presenta un distinguido borde en color negro que resalta la figura de Cristo y la medalla central grabada con precisi\u00f3n, mientras que el dorso exhibe la figura del Santo en cuerpo completo<\/p>\n","protected":false},"featured_media":13381,"template":"","meta":{"_joinchat":[]},"product_brand":[],"product_cat":[119,126,120,137],"product_tag":[],"class_list":{"0":"post-13380","1":"product","2":"type-product","3":"status-publish","4":"has-post-thumbnail","6":"product_cat-articulos-de-santeria","7":"product_cat-cruces","8":"product_cat-dijes","9":"product_cat-dijes-de-metales-varios","11":"first","12":"instock","13":"shipping-taxable","14":"purchasable","15":"product-type-simple"},"_links":{"self":[{"href":"https:\/\/sanbenitosanteria.com\/index.php\/wp-json\/wp\/v2\/product\/13380","targetHints":{"allow":["GET"]}}],"collection":[{"href":"https:\/\/sanbenitosanteria.com\/index.php\/wp-json\/wp\/v2\/product"}],"about":[{"href":"https:\/\/sanbenitosanteria.com\/index.php\/wp-json\/wp\/v2\/types\/product"}],"version-history":[{"count":1,"href":"https:\/\/sanbenitosanteria.com\/index.php\/wp-json\/wp\/v2\/product\/13380\/revisions"}],"predecessor-version":[{"id":13383,"href":"https:\/\/sanbenitosanteria.com\/index.php\/wp-json\/wp\/v2\/product\/13380\/revisions\/13383"}],"wp:featuredmedia":[{"embeddable":true,"href":"https:\/\/sanbenitosanteria.com\/index.php\/wp-json\/wp\/v2\/media\/13381"}],"wp:attachment":[{"href":"https:\/\/sanbenitosanteria.com\/index.php\/wp-json\/wp\/v2\/media?parent=13380"}],"wp:term":[{"taxonomy":"product_brand","embeddable":true,"href":"https:\/\/sanbenitosanteria.com\/index.php\/wp-json\/wp\/v2\/product_brand?post=13380"},{"taxonomy":"product_cat","embeddable":true,"href":"https:\/\/sanbenitosanteria.com\/index.php\/wp-json\/wp\/v2\/product_cat?post=13380"},{"taxonomy":"product_tag","embeddable":true,"href":"https:\/\/sanbenitosanteria.com\/index.php\/wp-json\/wp\/v2\/product_tag?post=13380"}],"curies":[{"name":"wp","href":"https:\/\/api.w.org\/{rel}","templated":true}]}}