{"id":13387,"date":"2026-04-08T19:23:19","date_gmt":"2026-04-08T19:23:19","guid":{"rendered":"https:\/\/sanbenitosanteria.com\/?post_type=product&#038;p=13387"},"modified":"2026-04-08T19:23:48","modified_gmt":"2026-04-08T19:23:48","slug":"13387","status":"publish","type":"product","link":"https:\/\/sanbenitosanteria.com\/index.php\/product\/13387\/","title":{"rendered":"Crucifijo Madera con San Benito"},"content":{"rendered":"","protected":false},"excerpt":{"rendered":"<p>La Cruz, s\u00edmbolo del sacrificio y amor infinito de Jes\u00fas, se une a la intercesi\u00f3n del Santo Padre de los monjes.<\/p>\n<p>Crucifijo elaborado artesanalmente combinando madera. La pieza presenta la figura de Cristo y la Medalla de San Benito grabada con detalles y aplicaciones en metal,\u00a0incluyendo en su reverso la imagen del Santo en cuerpo completo<\/p>\n","protected":false},"featured_media":13385,"template":"","meta":{"_joinchat":[]},"product_brand":[],"product_cat":[119,126,120,137],"product_tag":[],"class_list":{"0":"post-13387","1":"product","2":"type-product","3":"status-publish","4":"has-post-thumbnail","6":"product_cat-articulos-de-santeria","7":"product_cat-cruces","8":"product_cat-dijes","9":"product_cat-dijes-de-metales-varios","11":"first","12":"instock","13":"shipping-taxable","14":"purchasable","15":"product-type-simple"},"_links":{"self":[{"href":"https:\/\/sanbenitosanteria.com\/index.php\/wp-json\/wp\/v2\/product\/13387","targetHints":{"allow":["GET"]}}],"collection":[{"href":"https:\/\/sanbenitosanteria.com\/index.php\/wp-json\/wp\/v2\/product"}],"about":[{"href":"https:\/\/sanbenitosanteria.com\/index.php\/wp-json\/wp\/v2\/types\/product"}],"version-history":[{"count":2,"href":"https:\/\/sanbenitosanteria.com\/index.php\/wp-json\/wp\/v2\/product\/13387\/revisions"}],"predecessor-version":[{"id":13389,"href":"https:\/\/sanbenitosanteria.com\/index.php\/wp-json\/wp\/v2\/product\/13387\/revisions\/13389"}],"wp:featuredmedia":[{"embeddable":true,"href":"https:\/\/sanbenitosanteria.com\/index.php\/wp-json\/wp\/v2\/media\/13385"}],"wp:attachment":[{"href":"https:\/\/sanbenitosanteria.com\/index.php\/wp-json\/wp\/v2\/media?parent=13387"}],"wp:term":[{"taxonomy":"product_brand","embeddable":true,"href":"https:\/\/sanbenitosanteria.com\/index.php\/wp-json\/wp\/v2\/product_brand?post=13387"},{"taxonomy":"product_cat","embeddable":true,"href":"https:\/\/sanbenitosanteria.com\/index.php\/wp-json\/wp\/v2\/product_cat?post=13387"},{"taxonomy":"product_tag","embeddable":true,"href":"https:\/\/sanbenitosanteria.com\/index.php\/wp-json\/wp\/v2\/product_tag?post=13387"}],"curies":[{"name":"wp","href":"https:\/\/api.w.org\/{rel}","templated":true}]}}