{"id":13448,"date":"2026-04-11T16:18:16","date_gmt":"2026-04-11T16:18:16","guid":{"rendered":"https:\/\/sanbenitosanteria.com\/?post_type=product&#038;p=13448"},"modified":"2026-04-11T16:18:17","modified_gmt":"2026-04-11T16:18:17","slug":"rosarios-madera-metal-san-benito","status":"publish","type":"product","link":"https:\/\/sanbenitosanteria.com\/index.php\/product\/rosarios-madera-metal-san-benito\/","title":{"rendered":"Rosarios Madera Metal San Benito"},"content":{"rendered":"","protected":false},"excerpt":{"rendered":"<p>Este rosario est\u00e1 elaborado artesanalmente combinando cuentas de madera\u00a0con una estructura y cadena de metal. Presenta como pieza central la Medalla de San Benito grabada con gran detalle y una cruz terminal de metal. Ideal para la oraci\u00f3n personal, para llevar en el auto o para regalar como un gesto de profunda protecci\u00f3n y afecto en cualquier ocasi\u00f3n especial.<\/p>\n","protected":false},"featured_media":13450,"template":"","meta":{"_joinchat":[]},"product_brand":[],"product_cat":[119,130],"product_tag":[],"class_list":{"0":"post-13448","1":"product","2":"type-product","3":"status-publish","4":"has-post-thumbnail","6":"product_cat-articulos-de-santeria","7":"product_cat-rosarios","9":"first","10":"instock","11":"shipping-taxable","12":"purchasable","13":"product-type-variable"},"_links":{"self":[{"href":"https:\/\/sanbenitosanteria.com\/index.php\/wp-json\/wp\/v2\/product\/13448","targetHints":{"allow":["GET"]}}],"collection":[{"href":"https:\/\/sanbenitosanteria.com\/index.php\/wp-json\/wp\/v2\/product"}],"about":[{"href":"https:\/\/sanbenitosanteria.com\/index.php\/wp-json\/wp\/v2\/types\/product"}],"version-history":[{"count":1,"href":"https:\/\/sanbenitosanteria.com\/index.php\/wp-json\/wp\/v2\/product\/13448\/revisions"}],"predecessor-version":[{"id":13453,"href":"https:\/\/sanbenitosanteria.com\/index.php\/wp-json\/wp\/v2\/product\/13448\/revisions\/13453"}],"wp:featuredmedia":[{"embeddable":true,"href":"https:\/\/sanbenitosanteria.com\/index.php\/wp-json\/wp\/v2\/media\/13450"}],"wp:attachment":[{"href":"https:\/\/sanbenitosanteria.com\/index.php\/wp-json\/wp\/v2\/media?parent=13448"}],"wp:term":[{"taxonomy":"product_brand","embeddable":true,"href":"https:\/\/sanbenitosanteria.com\/index.php\/wp-json\/wp\/v2\/product_brand?post=13448"},{"taxonomy":"product_cat","embeddable":true,"href":"https:\/\/sanbenitosanteria.com\/index.php\/wp-json\/wp\/v2\/product_cat?post=13448"},{"taxonomy":"product_tag","embeddable":true,"href":"https:\/\/sanbenitosanteria.com\/index.php\/wp-json\/wp\/v2\/product_tag?post=13448"}],"curies":[{"name":"wp","href":"https:\/\/api.w.org\/{rel}","templated":true}]}}