{"id":13457,"date":"2026-04-11T16:31:31","date_gmt":"2026-04-11T16:31:31","guid":{"rendered":"https:\/\/sanbenitosanteria.com\/?post_type=product&#038;p=13457"},"modified":"2026-04-11T16:31:51","modified_gmt":"2026-04-11T16:31:51","slug":"13457","status":"publish","type":"product","link":"https:\/\/sanbenitosanteria.com\/index.php\/product\/13457\/","title":{"rendered":"Conjunto San Benito Cl\u00e1sico Acero"},"content":{"rendered":"","protected":false},"excerpt":{"rendered":"<p>Este conjunto est\u00e1 \u00edntegramente fabricado en acero quir\u00fargico, lo que asegura una pieza totalmente hipoalerg\u00e9nica, resistente al agua y que mantiene su brillo plateado original sin oscurecerse con el tiempo. El dise\u00f1o incluye una medalla circular con la representaci\u00f3n de la Medalla de San Benito y su respectiva imagen en relieve, acompa\u00f1ada de una cadena de 50 cm de largo.<\/p>\n","protected":false},"featured_media":13458,"template":"","meta":{"_joinchat":[]},"product_brand":[],"product_cat":[119,288,292],"product_tag":[],"class_list":{"0":"post-13457","1":"product","2":"type-product","3":"status-publish","4":"has-post-thumbnail","6":"product_cat-articulos-de-santeria","7":"product_cat-collares","8":"product_cat-conjuntos","10":"first","11":"instock","12":"shipping-taxable","13":"purchasable","14":"product-type-simple"},"_links":{"self":[{"href":"https:\/\/sanbenitosanteria.com\/index.php\/wp-json\/wp\/v2\/product\/13457","targetHints":{"allow":["GET"]}}],"collection":[{"href":"https:\/\/sanbenitosanteria.com\/index.php\/wp-json\/wp\/v2\/product"}],"about":[{"href":"https:\/\/sanbenitosanteria.com\/index.php\/wp-json\/wp\/v2\/types\/product"}],"version-history":[{"count":2,"href":"https:\/\/sanbenitosanteria.com\/index.php\/wp-json\/wp\/v2\/product\/13457\/revisions"}],"predecessor-version":[{"id":13462,"href":"https:\/\/sanbenitosanteria.com\/index.php\/wp-json\/wp\/v2\/product\/13457\/revisions\/13462"}],"wp:featuredmedia":[{"embeddable":true,"href":"https:\/\/sanbenitosanteria.com\/index.php\/wp-json\/wp\/v2\/media\/13458"}],"wp:attachment":[{"href":"https:\/\/sanbenitosanteria.com\/index.php\/wp-json\/wp\/v2\/media?parent=13457"}],"wp:term":[{"taxonomy":"product_brand","embeddable":true,"href":"https:\/\/sanbenitosanteria.com\/index.php\/wp-json\/wp\/v2\/product_brand?post=13457"},{"taxonomy":"product_cat","embeddable":true,"href":"https:\/\/sanbenitosanteria.com\/index.php\/wp-json\/wp\/v2\/product_cat?post=13457"},{"taxonomy":"product_tag","embeddable":true,"href":"https:\/\/sanbenitosanteria.com\/index.php\/wp-json\/wp\/v2\/product_tag?post=13457"}],"curies":[{"name":"wp","href":"https:\/\/api.w.org\/{rel}","templated":true}]}}