{"id":13480,"date":"2026-04-11T19:19:10","date_gmt":"2026-04-11T19:19:10","guid":{"rendered":"https:\/\/sanbenitosanteria.com\/?post_type=product&#038;p=13480"},"modified":"2026-04-11T19:19:10","modified_gmt":"2026-04-11T19:19:10","slug":"cuneros-madera","status":"publish","type":"product","link":"https:\/\/sanbenitosanteria.com\/index.php\/product\/cuneros-madera\/","title":{"rendered":"Cuneros Madera"},"content":{"rendered":"","protected":false},"excerpt":{"rendered":"<p>Cunero \u00c1ngel de la Guarda<\/p>\n<p data-start=\"39\" data-end=\"248\">Delicado cunero circular en madera, con ilustraci\u00f3n central del \u00c1ngel de la Guarda en tonos rosa, celeste y nude, acompa\u00f1ada con una cl\u00e1sica oraci\u00f3n. Incluye cinta de raso blanca para colgar f\u00e1cilmente en la cuna, mois\u00e9s o pared.<\/p>\n","protected":false},"featured_media":13484,"template":"","meta":{"_joinchat":[]},"product_brand":[],"product_cat":[119,140,141],"product_tag":[],"class_list":{"0":"post-13480","1":"product","2":"type-product","3":"status-publish","4":"has-post-thumbnail","6":"product_cat-articulos-de-santeria","7":"product_cat-articulos-infantiles","8":"product_cat-cuneros","10":"first","11":"instock","12":"shipping-taxable","13":"purchasable","14":"product-type-variable"},"_links":{"self":[{"href":"https:\/\/sanbenitosanteria.com\/index.php\/wp-json\/wp\/v2\/product\/13480","targetHints":{"allow":["GET"]}}],"collection":[{"href":"https:\/\/sanbenitosanteria.com\/index.php\/wp-json\/wp\/v2\/product"}],"about":[{"href":"https:\/\/sanbenitosanteria.com\/index.php\/wp-json\/wp\/v2\/types\/product"}],"version-history":[{"count":1,"href":"https:\/\/sanbenitosanteria.com\/index.php\/wp-json\/wp\/v2\/product\/13480\/revisions"}],"predecessor-version":[{"id":13487,"href":"https:\/\/sanbenitosanteria.com\/index.php\/wp-json\/wp\/v2\/product\/13480\/revisions\/13487"}],"wp:featuredmedia":[{"embeddable":true,"href":"https:\/\/sanbenitosanteria.com\/index.php\/wp-json\/wp\/v2\/media\/13484"}],"wp:attachment":[{"href":"https:\/\/sanbenitosanteria.com\/index.php\/wp-json\/wp\/v2\/media?parent=13480"}],"wp:term":[{"taxonomy":"product_brand","embeddable":true,"href":"https:\/\/sanbenitosanteria.com\/index.php\/wp-json\/wp\/v2\/product_brand?post=13480"},{"taxonomy":"product_cat","embeddable":true,"href":"https:\/\/sanbenitosanteria.com\/index.php\/wp-json\/wp\/v2\/product_cat?post=13480"},{"taxonomy":"product_tag","embeddable":true,"href":"https:\/\/sanbenitosanteria.com\/index.php\/wp-json\/wp\/v2\/product_tag?post=13480"}],"curies":[{"name":"wp","href":"https:\/\/api.w.org\/{rel}","templated":true}]}}