{"id":13488,"date":"2026-04-11T19:54:53","date_gmt":"2026-04-11T19:54:53","guid":{"rendered":"https:\/\/sanbenitosanteria.com\/?post_type=product&#038;p=13488"},"modified":"2026-04-11T19:54:54","modified_gmt":"2026-04-11T19:54:54","slug":"virgen-del-carmen-cemento","status":"publish","type":"product","link":"https:\/\/sanbenitosanteria.com\/index.php\/product\/virgen-del-carmen-cemento\/","title":{"rendered":"Virgen del Carmen Cemento"},"content":{"rendered":"","protected":false},"excerpt":{"rendered":"<p>La Virgen del Carmen, es una de las advocaciones marianas m\u00e1s universales, celebrada cada\u00a016 de julio. Su origen se remonta al Monte Carmelo en el siglo XII, siendo patrona de la Orden Carmelita, los marineros, pescadores y considerada \u00abEstrella del Mar\u00bb.<\/p>\n<p>Esta pieza es una obra de arte sacro de fabricaci\u00f3n nacional, elaborada por un artista especializado en arte sacro. Est\u00e1 realizada en cemento, lo que la hace una opci\u00f3n apta para exterior, ideal para colocar en grutas, jardines o altares al aire libre. La imagen tiene una altura de 30 cm y presenta un acabado artesanal que resalta los detalles de la Virgen y el Ni\u00f1o Jes\u00fas.<\/p>\n","protected":false},"featured_media":13489,"template":"","meta":{"_joinchat":[]},"product_brand":[],"product_cat":[119,124],"product_tag":[],"class_list":{"0":"post-13488","1":"product","2":"type-product","3":"status-publish","4":"has-post-thumbnail","6":"product_cat-articulos-de-santeria","7":"product_cat-imagenes","9":"first","10":"instock","11":"shipping-taxable","12":"purchasable","13":"product-type-simple"},"_links":{"self":[{"href":"https:\/\/sanbenitosanteria.com\/index.php\/wp-json\/wp\/v2\/product\/13488","targetHints":{"allow":["GET"]}}],"collection":[{"href":"https:\/\/sanbenitosanteria.com\/index.php\/wp-json\/wp\/v2\/product"}],"about":[{"href":"https:\/\/sanbenitosanteria.com\/index.php\/wp-json\/wp\/v2\/types\/product"}],"version-history":[{"count":1,"href":"https:\/\/sanbenitosanteria.com\/index.php\/wp-json\/wp\/v2\/product\/13488\/revisions"}],"predecessor-version":[{"id":13490,"href":"https:\/\/sanbenitosanteria.com\/index.php\/wp-json\/wp\/v2\/product\/13488\/revisions\/13490"}],"wp:featuredmedia":[{"embeddable":true,"href":"https:\/\/sanbenitosanteria.com\/index.php\/wp-json\/wp\/v2\/media\/13489"}],"wp:attachment":[{"href":"https:\/\/sanbenitosanteria.com\/index.php\/wp-json\/wp\/v2\/media?parent=13488"}],"wp:term":[{"taxonomy":"product_brand","embeddable":true,"href":"https:\/\/sanbenitosanteria.com\/index.php\/wp-json\/wp\/v2\/product_brand?post=13488"},{"taxonomy":"product_cat","embeddable":true,"href":"https:\/\/sanbenitosanteria.com\/index.php\/wp-json\/wp\/v2\/product_cat?post=13488"},{"taxonomy":"product_tag","embeddable":true,"href":"https:\/\/sanbenitosanteria.com\/index.php\/wp-json\/wp\/v2\/product_tag?post=13488"}],"curies":[{"name":"wp","href":"https:\/\/api.w.org\/{rel}","templated":true}]}}