{"id":13491,"date":"2026-04-11T20:23:31","date_gmt":"2026-04-11T20:23:31","guid":{"rendered":"https:\/\/sanbenitosanteria.com\/?post_type=product&#038;p=13491"},"modified":"2026-04-11T20:23:33","modified_gmt":"2026-04-11T20:23:33","slug":"sagrada-familia-cemento-2","status":"publish","type":"product","link":"https:\/\/sanbenitosanteria.com\/index.php\/product\/sagrada-familia-cemento-2\/","title":{"rendered":"Sagrada Familia Cemento #2"},"content":{"rendered":"","protected":false},"excerpt":{"rendered":"<p>Sagrada Familia Imagen en Cemento para Exterior<\/p>\n<p data-start=\"73\" data-end=\"219\">Sagrada Familia, ideal para jardines, patios y galer\u00edas. Realizada en cemento de alta resistencia, es una pieza apta para exterior.<\/p>\n<p data-start=\"73\" data-end=\"219\">Esta imagen est\u00e1 elaborada por un artista nacional especializado en arte sacro, garantizando calidad, tradici\u00f3n y dedicaci\u00f3n en cada terminaci\u00f3n.<\/p>\n","protected":false},"featured_media":13492,"template":"","meta":{"_joinchat":[]},"product_brand":[],"product_cat":[119,124],"product_tag":[],"class_list":{"0":"post-13491","1":"product","2":"type-product","3":"status-publish","4":"has-post-thumbnail","6":"product_cat-articulos-de-santeria","7":"product_cat-imagenes","9":"first","10":"instock","11":"shipping-taxable","12":"purchasable","13":"product-type-simple"},"_links":{"self":[{"href":"https:\/\/sanbenitosanteria.com\/index.php\/wp-json\/wp\/v2\/product\/13491","targetHints":{"allow":["GET"]}}],"collection":[{"href":"https:\/\/sanbenitosanteria.com\/index.php\/wp-json\/wp\/v2\/product"}],"about":[{"href":"https:\/\/sanbenitosanteria.com\/index.php\/wp-json\/wp\/v2\/types\/product"}],"version-history":[{"count":1,"href":"https:\/\/sanbenitosanteria.com\/index.php\/wp-json\/wp\/v2\/product\/13491\/revisions"}],"predecessor-version":[{"id":13493,"href":"https:\/\/sanbenitosanteria.com\/index.php\/wp-json\/wp\/v2\/product\/13491\/revisions\/13493"}],"wp:featuredmedia":[{"embeddable":true,"href":"https:\/\/sanbenitosanteria.com\/index.php\/wp-json\/wp\/v2\/media\/13492"}],"wp:attachment":[{"href":"https:\/\/sanbenitosanteria.com\/index.php\/wp-json\/wp\/v2\/media?parent=13491"}],"wp:term":[{"taxonomy":"product_brand","embeddable":true,"href":"https:\/\/sanbenitosanteria.com\/index.php\/wp-json\/wp\/v2\/product_brand?post=13491"},{"taxonomy":"product_cat","embeddable":true,"href":"https:\/\/sanbenitosanteria.com\/index.php\/wp-json\/wp\/v2\/product_cat?post=13491"},{"taxonomy":"product_tag","embeddable":true,"href":"https:\/\/sanbenitosanteria.com\/index.php\/wp-json\/wp\/v2\/product_tag?post=13491"}],"curies":[{"name":"wp","href":"https:\/\/api.w.org\/{rel}","templated":true}]}}