{"id":13511,"date":"2026-04-15T15:02:50","date_gmt":"2026-04-15T15:02:50","guid":{"rendered":"https:\/\/sanbenitosanteria.com\/?post_type=product&#038;p=13511"},"modified":"2026-04-15T15:02:51","modified_gmt":"2026-04-15T15:02:51","slug":"conjunto-acero-cruz-nacar","status":"publish","type":"product","link":"https:\/\/sanbenitosanteria.com\/index.php\/product\/conjunto-acero-cruz-nacar\/","title":{"rendered":"Conjunto Acero Cruz N\u00e1car"},"content":{"rendered":"","protected":false},"excerpt":{"rendered":"<p>La Cruz es el s\u00edmbolo universal de fe, esperanza y amor incondicional. En este dise\u00f1o, la combinaci\u00f3n con el n\u00e1car nos recuerda la luz divina que nos gu\u00eda en los momentos de reflexi\u00f3n.<\/p>\n<p>Este conjunto est\u00e1 compuesto por una cadena de eslabones finos realizada en acero quir\u00fargico, garantizando una pieza hipoalerg\u00e9nica y que no pierde su brillo con el tiempo. El dije es una cruz de n\u00e1car, que destaca por sus reflejos naturales.<\/p>\n<p>&nbsp;<\/p>\n","protected":false},"featured_media":13512,"template":"","meta":{"_joinchat":[]},"product_brand":[],"product_cat":[119,288,292],"product_tag":[],"class_list":{"0":"post-13511","1":"product","2":"type-product","3":"status-publish","4":"has-post-thumbnail","6":"product_cat-articulos-de-santeria","7":"product_cat-collares","8":"product_cat-conjuntos","10":"first","11":"instock","12":"shipping-taxable","13":"purchasable","14":"product-type-simple"},"_links":{"self":[{"href":"https:\/\/sanbenitosanteria.com\/index.php\/wp-json\/wp\/v2\/product\/13511","targetHints":{"allow":["GET"]}}],"collection":[{"href":"https:\/\/sanbenitosanteria.com\/index.php\/wp-json\/wp\/v2\/product"}],"about":[{"href":"https:\/\/sanbenitosanteria.com\/index.php\/wp-json\/wp\/v2\/types\/product"}],"version-history":[{"count":1,"href":"https:\/\/sanbenitosanteria.com\/index.php\/wp-json\/wp\/v2\/product\/13511\/revisions"}],"predecessor-version":[{"id":13515,"href":"https:\/\/sanbenitosanteria.com\/index.php\/wp-json\/wp\/v2\/product\/13511\/revisions\/13515"}],"wp:featuredmedia":[{"embeddable":true,"href":"https:\/\/sanbenitosanteria.com\/index.php\/wp-json\/wp\/v2\/media\/13512"}],"wp:attachment":[{"href":"https:\/\/sanbenitosanteria.com\/index.php\/wp-json\/wp\/v2\/media?parent=13511"}],"wp:term":[{"taxonomy":"product_brand","embeddable":true,"href":"https:\/\/sanbenitosanteria.com\/index.php\/wp-json\/wp\/v2\/product_brand?post=13511"},{"taxonomy":"product_cat","embeddable":true,"href":"https:\/\/sanbenitosanteria.com\/index.php\/wp-json\/wp\/v2\/product_cat?post=13511"},{"taxonomy":"product_tag","embeddable":true,"href":"https:\/\/sanbenitosanteria.com\/index.php\/wp-json\/wp\/v2\/product_tag?post=13511"}],"curies":[{"name":"wp","href":"https:\/\/api.w.org\/{rel}","templated":true}]}}