{"id":13516,"date":"2026-04-15T15:28:57","date_gmt":"2026-04-15T15:28:57","guid":{"rendered":"https:\/\/sanbenitosanteria.com\/?post_type=product&#038;p=13516"},"modified":"2026-04-15T15:28:58","modified_gmt":"2026-04-15T15:28:58","slug":"conjuto-escapulario-acero","status":"publish","type":"product","link":"https:\/\/sanbenitosanteria.com\/index.php\/product\/conjuto-escapulario-acero\/","title":{"rendered":"Conjuto Escapulario Acero"},"content":{"rendered":"","protected":false},"excerpt":{"rendered":"<p>El Escapulario del Carmen se considera un \u00absacramental\u00bb, es decir, un signo que ayuda a la persona a vivir su fe y a sentir la protecci\u00f3n de la Virgen Mar\u00eda. Seg\u00fan la tradici\u00f3n, la Virgen del Carmen se le apareci\u00f3 a San Sim\u00f3n Stock en 1251 y le entreg\u00f3 el escapulario con la promesa de que quien muriera llev\u00e1ndolo no padecer\u00eda el \u00abfuego eterno\u00bb.<\/p>\n<p>Este conjunto est\u00e1 confeccionado en acero quir\u00fargico, lo que lo hace una pieza hipoalerg\u00e9nica y que mantiene su brillo inalterable con el tiempo. El dise\u00f1o presenta dos medallas rectangulares de estilo cl\u00e1sico: una con la imagen grabada del Sagrado Coraz\u00f3n y la otra con la Virgen del Carmen, unidas por una cadena de eslabones finos. Por su profundo significado, es el regalo ideal para una primera comuni\u00f3n, confirmaci\u00f3n o como protecci\u00f3n personal para el uso diario.<\/p>\n","protected":false},"featured_media":13517,"template":"","meta":{"_joinchat":[]},"product_brand":[],"product_cat":[119,288,292],"product_tag":[],"class_list":{"0":"post-13516","1":"product","2":"type-product","3":"status-publish","4":"has-post-thumbnail","6":"product_cat-articulos-de-santeria","7":"product_cat-collares","8":"product_cat-conjuntos","10":"first","11":"instock","12":"shipping-taxable","13":"purchasable","14":"product-type-simple"},"_links":{"self":[{"href":"https:\/\/sanbenitosanteria.com\/index.php\/wp-json\/wp\/v2\/product\/13516","targetHints":{"allow":["GET"]}}],"collection":[{"href":"https:\/\/sanbenitosanteria.com\/index.php\/wp-json\/wp\/v2\/product"}],"about":[{"href":"https:\/\/sanbenitosanteria.com\/index.php\/wp-json\/wp\/v2\/types\/product"}],"version-history":[{"count":1,"href":"https:\/\/sanbenitosanteria.com\/index.php\/wp-json\/wp\/v2\/product\/13516\/revisions"}],"predecessor-version":[{"id":13520,"href":"https:\/\/sanbenitosanteria.com\/index.php\/wp-json\/wp\/v2\/product\/13516\/revisions\/13520"}],"wp:featuredmedia":[{"embeddable":true,"href":"https:\/\/sanbenitosanteria.com\/index.php\/wp-json\/wp\/v2\/media\/13517"}],"wp:attachment":[{"href":"https:\/\/sanbenitosanteria.com\/index.php\/wp-json\/wp\/v2\/media?parent=13516"}],"wp:term":[{"taxonomy":"product_brand","embeddable":true,"href":"https:\/\/sanbenitosanteria.com\/index.php\/wp-json\/wp\/v2\/product_brand?post=13516"},{"taxonomy":"product_cat","embeddable":true,"href":"https:\/\/sanbenitosanteria.com\/index.php\/wp-json\/wp\/v2\/product_cat?post=13516"},{"taxonomy":"product_tag","embeddable":true,"href":"https:\/\/sanbenitosanteria.com\/index.php\/wp-json\/wp\/v2\/product_tag?post=13516"}],"curies":[{"name":"wp","href":"https:\/\/api.w.org\/{rel}","templated":true}]}}