{"id":9063,"date":"2022-10-06T11:37:36","date_gmt":"2022-10-06T11:37:36","guid":{"rendered":"https:\/\/abadiasanbenito.rabestudio.com\/?post_type=product&#038;p=9063"},"modified":"2026-03-28T21:36:48","modified_gmt":"2026-03-28T21:36:48","slug":"yerba-mate-don-bosco","status":"publish","type":"product","link":"https:\/\/sanbenitosanteria.com\/index.php\/product\/yerba-mate-don-bosco\/","title":{"rendered":"Yerba Mate Don Bosco"},"content":{"rendered":"","protected":false},"excerpt":{"rendered":"<p>La yerba mate Don Bosco es un producto artesanal elaborado y envasado en el instituto Pascual Gentilini de San Jos\u00e9, Misiones, con un respaldo de m\u00e1s de noventa a\u00f1os de experiencia en el secado con el m\u00e9todo \u201cbarbacu\u00e1\u201d y el estacionamiento natural.<\/p>\n","protected":false},"featured_media":12921,"template":"","meta":{"_joinchat":[]},"product_brand":[],"product_cat":[81],"product_tag":[],"class_list":{"0":"post-9063","1":"product","2":"type-product","3":"status-publish","4":"has-post-thumbnail","6":"product_cat-don-bosco","8":"first","9":"instock","10":"shipping-taxable","11":"purchasable","12":"product-type-variable"},"_links":{"self":[{"href":"https:\/\/sanbenitosanteria.com\/index.php\/wp-json\/wp\/v2\/product\/9063","targetHints":{"allow":["GET"]}}],"collection":[{"href":"https:\/\/sanbenitosanteria.com\/index.php\/wp-json\/wp\/v2\/product"}],"about":[{"href":"https:\/\/sanbenitosanteria.com\/index.php\/wp-json\/wp\/v2\/types\/product"}],"version-history":[{"count":1,"href":"https:\/\/sanbenitosanteria.com\/index.php\/wp-json\/wp\/v2\/product\/9063\/revisions"}],"predecessor-version":[{"id":10990,"href":"https:\/\/sanbenitosanteria.com\/index.php\/wp-json\/wp\/v2\/product\/9063\/revisions\/10990"}],"wp:featuredmedia":[{"embeddable":true,"href":"https:\/\/sanbenitosanteria.com\/index.php\/wp-json\/wp\/v2\/media\/12921"}],"wp:attachment":[{"href":"https:\/\/sanbenitosanteria.com\/index.php\/wp-json\/wp\/v2\/media?parent=9063"}],"wp:term":[{"taxonomy":"product_brand","embeddable":true,"href":"https:\/\/sanbenitosanteria.com\/index.php\/wp-json\/wp\/v2\/product_brand?post=9063"},{"taxonomy":"product_cat","embeddable":true,"href":"https:\/\/sanbenitosanteria.com\/index.php\/wp-json\/wp\/v2\/product_cat?post=9063"},{"taxonomy":"product_tag","embeddable":true,"href":"https:\/\/sanbenitosanteria.com\/index.php\/wp-json\/wp\/v2\/product_tag?post=9063"}],"curies":[{"name":"wp","href":"https:\/\/api.w.org\/{rel}","templated":true}]}}