{"id":9439,"date":"2022-11-03T23:48:40","date_gmt":"2022-11-03T23:48:40","guid":{"rendered":"https:\/\/abadiasanbenito.rabestudio.com\/?post_type=product&#038;p=9439"},"modified":"2025-09-16T19:14:54","modified_gmt":"2025-09-16T19:14:54","slug":"lambrusco-maestri-caja","status":"publish","type":"product","link":"https:\/\/sanbenitosanteria.com\/index.php\/product\/lambrusco-maestri-caja\/","title":{"rendered":"Lambrusco Maestri \u2013 Caja"},"content":{"rendered":"","protected":false},"excerpt":{"rendered":"<p>A la vista se presenta con color rojo viol\u00e1ceo de alta intensidad, profundo y atractivo. Su intensidad define una de las caracter\u00edsticas de este varietal particular. Intenso a especias, pimienta negra, y dependiendo las condiciones clim\u00e1ticas del a\u00f1o expresa aromas a eucaliptus, menta y jarilla.<br \/>\nDe entrada amable, fresca, persisten las notas mentoladas y gra\ufb01to t\u00edpicas de la variedad. Sus taninos dulces pero intensos hacen que sea un varietal excelente para combinar con carnes rojas asadas.<\/p>\n","protected":false},"featured_media":9433,"template":"","meta":{"_joinchat":[]},"product_brand":[],"product_cat":[87],"product_tag":[],"class_list":{"0":"post-9439","1":"product","2":"type-product","3":"status-publish","4":"has-post-thumbnail","6":"product_cat-don-bosco-varietales","8":"first","9":"instock","10":"shipping-taxable","11":"purchasable","12":"product-type-simple"},"_links":{"self":[{"href":"https:\/\/sanbenitosanteria.com\/index.php\/wp-json\/wp\/v2\/product\/9439","targetHints":{"allow":["GET"]}}],"collection":[{"href":"https:\/\/sanbenitosanteria.com\/index.php\/wp-json\/wp\/v2\/product"}],"about":[{"href":"https:\/\/sanbenitosanteria.com\/index.php\/wp-json\/wp\/v2\/types\/product"}],"version-history":[{"count":4,"href":"https:\/\/sanbenitosanteria.com\/index.php\/wp-json\/wp\/v2\/product\/9439\/revisions"}],"predecessor-version":[{"id":10677,"href":"https:\/\/sanbenitosanteria.com\/index.php\/wp-json\/wp\/v2\/product\/9439\/revisions\/10677"}],"wp:featuredmedia":[{"embeddable":true,"href":"https:\/\/sanbenitosanteria.com\/index.php\/wp-json\/wp\/v2\/media\/9433"}],"wp:attachment":[{"href":"https:\/\/sanbenitosanteria.com\/index.php\/wp-json\/wp\/v2\/media?parent=9439"}],"wp:term":[{"taxonomy":"product_brand","embeddable":true,"href":"https:\/\/sanbenitosanteria.com\/index.php\/wp-json\/wp\/v2\/product_brand?post=9439"},{"taxonomy":"product_cat","embeddable":true,"href":"https:\/\/sanbenitosanteria.com\/index.php\/wp-json\/wp\/v2\/product_cat?post=9439"},{"taxonomy":"product_tag","embeddable":true,"href":"https:\/\/sanbenitosanteria.com\/index.php\/wp-json\/wp\/v2\/product_tag?post=9439"}],"curies":[{"name":"wp","href":"https:\/\/api.w.org\/{rel}","templated":true}]}}